{"id":1043,"date":"2021-11-23T14:59:36","date_gmt":"2021-11-23T14:59:36","guid":{"rendered":"https:\/\/dersim-fdg.org\/community"},"modified":"2025-05-28T02:54:00","modified_gmt":"2025-05-28T02:54:00","slug":"community","status":"publish","type":"page","link":"https:\/\/dersim-fdg.org\/en\/community","title":{"rendered":"Community"},"content":{"rendered":"<p>[et_pb_section fb_built=&#8221;1&#8243; admin_label=&#8221;Header&#8221; _builder_version=&#8221;4.16&#8243; _module_preset=&#8221;default&#8221; background_color=&#8221;#f5f3ee&#8221; global_colors_info=&#8221;{}&#8221;][et_pb_row column_structure=&#8221;1_2,1_2&#8243; _builder_version=&#8221;4.16&#8243; _module_preset=&#8221;default&#8221; global_colors_info=&#8221;{}&#8221;][et_pb_column type=&#8221;1_2&#8243; _builder_version=&#8221;4.16&#8243; _module_preset=&#8221;default&#8221; global_colors_info=&#8221;{}&#8221;][et_pb_text _builder_version=&#8221;4.16&#8243; _module_preset=&#8221;534cc526-6274-4e31-9e1a-7f18a5947bf1&#8243; header_4_text_color=&#8221;#EF8451&#8243; header_4_font_size=&#8221;14px&#8221; header_4_letter_spacing=&#8221;1px&#8221; header_4_line_height=&#8221;1.5em&#8221; custom_margin=&#8221;||0px||false|false&#8221; custom_padding=&#8221;||2px|||&#8221; header_4_font_size_tablet=&#8221;14px&#8221; header_4_font_size_phone=&#8221;&#8221; header_4_font_size_last_edited=&#8221;on|tablet&#8221; locked=&#8221;off&#8221; global_colors_info=&#8221;{}&#8221;]<\/p>\n<h4>Federation of Dersim Communities in Europe &#8211; FDG<\/h4>\n<p>[\/et_pb_text][et_pb_text _builder_version=&#8221;4.16&#8243; _module_preset=&#8221;df96b77a-cd4f-44a8-a771-2d6347592b53&#8243; header_2_text_color=&#8221;#093532&#8243; header_2_font_size=&#8221;50px&#8221; header_2_letter_spacing=&#8221;-0.02em&#8221; header_2_line_height=&#8221;1.15em&#8221; header_2_font_size_tablet=&#8221;32px&#8221; header_2_font_size_phone=&#8221;20px&#8221; header_2_font_size_last_edited=&#8221;on|desktop&#8221; locked=&#8221;off&#8221; global_colors_info=&#8221;{}&#8221;]<\/p>\n<h2>FDG<\/h2>\n<p>[\/et_pb_text][et_pb_text _builder_version=&#8221;4.16&#8243; _module_preset=&#8221;5ff55506-da7d-4dd7-b409-9d62c7203201&#8243; text_text_color=&#8221;#0F393B&#8221; text_font_size=&#8221;16px&#8221; text_font_size_tablet=&#8221;15px&#8221; header_font_size_tablet=&#8221;55px&#8221; header_font_size_last_edited=&#8221;off|desktop&#8221; locked=&#8221;off&#8221; global_colors_info=&#8221;{}&#8221;]<\/p>\n<p>In 2006, several associations in Germany and in some other European countries got together and founded the Federation of Dersim Communities in Europe (FDG). Das Ziel dieser F\u00f6deration ist auch die kulturellen Aktivit\u00e4ten dieser Vereine und die Integration der Dersimer in Europa zu f\u00f6rdern und die Solidarit\u00e4tsarbeit mit Dersim zu koordinieren. Topics are the nature, the culture and the memories of Dersim people.<\/p>\n<p>We are the umbrella organization of Dersim associations in Europe. We represent the K\u0131rmanc \/ Zaza Alevis. Around 250,000 &#8211; 300,000 people live in Europe who feel they belong to this culture.<\/p>\n<p>The tasks of our associations are for example.<\/p>\n<ul>\n<li>Advice in social matters, dealing with authorities.<\/li>\n<li>Qualification for better educational opportunities in immigrant family, seniors, women and youth.<\/li>\n<li>Networking with other immigrants, organizations and association representatives<\/li>\n<li>Every year in May, the FDG organizes a large event to commemorate the TERTELE 37\/38 (genocide against the Dersim).<\/li>\n<li>Maintaining the traditional festivals of the Dersim in Europe. Among others, the Gagan Festival, Xeylas Festival but also the Muslim Feast of Sacrifice.<\/li>\n<li>Language teaching, Zaza &#8211; language teaching.<\/li>\n<li>Dance, music and folklore groups and youth groups.<\/li>\n<\/ul>\n<p>You can also find our goals and areas of activity in our articles of association.<br \/><a href=\"http:\/\/www.dersim-online.de\/download\/Satzung-der-FDG.pdf\" target=\"_blank\" rel=\"noopener\" title=\"Satzung der FDG.pdf\">Satzung der FDG.pdf<\/a><\/p>\n<p>[\/et_pb_text][\/et_pb_column][et_pb_column type=&#8221;1_2&#8243; _builder_version=&#8221;4.16&#8243; _module_preset=&#8221;default&#8221; global_colors_info=&#8221;{}&#8221;][et_pb_image src=&#8221;https:\/\/dersim-fdg.org\/wp-content\/uploads\/2021\/11\/cropped-logo-fdg-2018-klein-1-1.png&#8221; title_text=&#8221;cropped-logo-fdg-2018-klein-1&#8243; _builder_version=&#8221;4.16&#8243; _module_preset=&#8221;default&#8221; locked=&#8221;off&#8221; global_colors_info=&#8221;{}&#8221;][\/et_pb_image][\/et_pb_column][\/et_pb_row][et_pb_row _builder_version=&#8221;4.16&#8243; _module_preset=&#8221;default&#8221; global_colors_info=&#8221;{}&#8221;][et_pb_column type=&#8221;4_4&#8243; _builder_version=&#8221;4.16&#8243; _module_preset=&#8221;default&#8221; global_colors_info=&#8221;{}&#8221;][et_pb_text _builder_version=&#8221;4.16&#8243; _module_preset=&#8221;default&#8221; text_text_color=&#8221;RGBA(0,0,0,0)&#8221; header_2_text_color=&#8221;#ef8451&#8243; custom_padding=&#8221;||0px|||&#8221; global_colors_info=&#8221;{}&#8221;]<\/p>\n<h2>Contact details of FDG<\/h2>\n<p>[\/et_pb_text][et_pb_blurb title=&#8221;FDG&#8221; image=&#8221;https:\/\/dersim-fdg.org\/wp-content\/uploads\/2021\/11\/ngo-icon-17.png&#8221; icon_placement=&#8221;left&#8221; _builder_version=&#8221;4.20.2&#8243; _module_preset=&#8221;default&#8221; header_level=&#8221;h2&#8243; header_text_color=&#8221;#ef8451&#8243; background_color=&#8221;#FFFFFF&#8221; width=&#8221;72.6%&#8221; custom_padding=&#8221;10px||||false|false&#8221; hover_enabled=&#8221;0&#8243; border_radii=&#8221;on|20px|20px|20px|20px&#8221; border_radii_image=&#8221;on|20px|20px|20px|20px&#8221; global_colors_info=&#8221;{}&#8221; sticky_enabled=&#8221;0&#8243; locked=&#8221;off&#8221;]<\/p>\n<h4>F\u00f6deration der Dersim Gemeinden in Europa e.V.<\/h4>\n<p>Waterlooufer 7<br \/>10961 Berlin<\/p>\n<p>Email: <a href=\"mailto:fdg.europa@gmail.com\" target=\"_blank\" rel=\"noopener\">fdg.europa@gmail.com<\/a><br \/>Web: <a href=\"http:\/\/dersim-fdg.com\" target=\"_blank\" rel=\"noopener\">http:\/\/dersim-fdg.com<\/a><\/p>\n<p>[\/et_pb_blurb][et_pb_text _builder_version=&#8221;4.16&#8243; _module_preset=&#8221;default&#8221; text_text_color=&#8221;RGBA(0,0,0,0)&#8221; header_2_text_color=&#8221;#ef8451&#8243; custom_margin=&#8221;||-1px|||&#8221; custom_padding=&#8221;||37px|||&#8221; global_colors_info=&#8221;{}&#8221;]<\/p>\n<h2>Our Communitys<\/h2>\n<p>[\/et_pb_text][et_pb_blurb title=&#8221;Berlin&#8221; image=&#8221;https:\/\/dersim-fdg.org\/wp-content\/uploads\/2021\/11\/ngo-icon-17.png&#8221; icon_placement=&#8221;left&#8221; _builder_version=&#8221;4.16&#8243; _module_preset=&#8221;default&#8221; header_level=&#8221;h2&#8243; header_text_color=&#8221;#ef8451&#8243; background_color=&#8221;#FFFFFF&#8221; width=&#8221;72.6%&#8221; custom_padding=&#8221;10px||||false|false&#8221; border_radii=&#8221;on|20px|20px|20px|20px&#8221; border_radii_image=&#8221;on|20px|20px|20px|20px&#8221; global_colors_info=&#8221;{}&#8221;]<\/p>\n<h4>Dersimer Kultur Gemeinde Berlin e.V.<\/h4>\n<p>Waterlooufer 7<br \/>10961 Berlin<br \/>Tel: 030 612 83 113<br \/>Email: <a href=\"mailto:dersimberlin@gmail.com\" target=\"_blank\" rel=\"noopener\">dersimberlin@gmail.com<\/a><br \/>Web: <a href=\"http:\/\/dersimkulturdernegi.com\/\" target=\"_blank\" rel=\"noopener\">http:\/\/dersimkulturdernegi.com\/<\/a><\/p>\n<p>[\/et_pb_blurb][et_pb_blurb title=&#8221;K\u00f6ln&#8221; image=&#8221;https:\/\/dersim-fdg.org\/wp-content\/uploads\/2021\/11\/ngo-icon-17.png&#8221; icon_placement=&#8221;left&#8221; _builder_version=&#8221;4.16&#8243; _module_preset=&#8221;default&#8221; header_level=&#8221;h2&#8243; header_text_color=&#8221;#ef8451&#8243; background_color=&#8221;#FFFFFF&#8221; width=&#8221;72.6%&#8221; custom_padding=&#8221;10px||||false|false&#8221; border_radii=&#8221;on|20px|20px|20px|20px&#8221; border_radii_image=&#8221;on|20px|20px|20px|20px&#8221; global_colors_info=&#8221;{}&#8221;]<\/p>\n<h4>Dersim Gemeinde K\u00f6ln e.V.<\/h4>\n<p>Bleichstr. 1<br \/>51063 K\u00f6ln<br \/>Email: <a href=\"mailto:dgk@dersimweb.de\">dgk@dersimweb.de<\/a><br \/>Web:<a href=\"http:\/\/dersimweb.de\" target=\"_blank\" rel=\"noopener\"> dersimweb.de<\/a><\/p>\n<p>[\/et_pb_blurb][et_pb_blurb title=&#8221;Westfalen&#8221; image=&#8221;https:\/\/dersim-fdg.org\/wp-content\/uploads\/2021\/11\/ngo-icon-17.png&#8221; icon_placement=&#8221;left&#8221; _builder_version=&#8221;4.16&#8243; _module_preset=&#8221;default&#8221; header_level=&#8221;h2&#8243; header_text_color=&#8221;#ef8451&#8243; background_color=&#8221;#FFFFFF&#8221; width=&#8221;72.6%&#8221; custom_padding=&#8221;10px||||false|false&#8221; border_radii=&#8221;on|20px|20px|20px|20px&#8221; border_radii_image=&#8221;on|20px|20px|20px|20px&#8221; global_colors_info=&#8221;{}&#8221;]<\/p>\n<h4>Dersim Gemeinde Westfalen e. V.<\/h4>\n<p>Beuthstr. 21<br \/>44147 Dortmund<br \/>Tel: 0176 27 27 0182<\/p>\n<p>[\/et_pb_blurb][et_pb_blurb title=&#8221;Mannheim&#8221; image=&#8221;https:\/\/dersim-fdg.org\/wp-content\/uploads\/2021\/11\/ngo-icon-17.png&#8221; icon_placement=&#8221;left&#8221; _builder_version=&#8221;4.16&#8243; _module_preset=&#8221;default&#8221; header_level=&#8221;h2&#8243; header_text_color=&#8221;#ef8451&#8243; background_color=&#8221;#FFFFFF&#8221; width=&#8221;72.6%&#8221; custom_padding=&#8221;10px||||false|false&#8221; border_radii=&#8221;on|20px|20px|20px|20px&#8221; border_radii_image=&#8221;on|20px|20px|20px|20px&#8221; global_colors_info=&#8221;{}&#8221;]<\/p>\n<h4>Zaza Kulturhaus e.V. Mannheim \/<br \/>Bon\u00ea Kultur\u00ea Ma e.V<\/h4>\n<p>C\/o Ali Haydar Varul<br \/>Schwetzinger Str. 89<br \/>68124 Heidelberg<br \/>E- Mail: <a href=\"mailto:varuldiyar@hotmail.de\" target=\"_blank\" rel=\"noopener\">varuldiyar@hotmail.de<\/a><br \/>Tel: 0176 23 8022 80<a href=\"mailto:dgk@dersimweb.de\"><\/a><\/p>\n<p>[\/et_pb_blurb][\/et_pb_column][\/et_pb_row][\/et_pb_section][et_pb_section fb_built=&#8221;1&#8243; admin_label=&#8221;Footer&#8221; _builder_version=&#8221;4.13.1&#8243; _module_preset=&#8221;default&#8221; background_color=&#8221;#0f393b&#8221; custom_padding=&#8221;0vw||0vw||true|false&#8221; border_radii=&#8221;off|20px|20px||&#8221; global_module=&#8221;889&#8243; saved_tabs=&#8221;all&#8221; locked=&#8221;off&#8221; global_colors_info=&#8221;{}&#8221;][et_pb_row _builder_version=&#8221;4.16&#8243; _module_preset=&#8221;default&#8221; custom_padding=&#8221;104px|||||&#8221; global_colors_info=&#8221;{}&#8221;][et_pb_column type=&#8221;4_4&#8243; _builder_version=&#8221;4.16&#8243; _module_preset=&#8221;default&#8221; global_colors_info=&#8221;{}&#8221;][et_pb_text _builder_version=&#8221;4.16&#8243; _module_preset=&#8221;df96b77a-cd4f-44a8-a771-2d6347592b53&#8243; header_2_font=&#8221;DM Sans||||||||&#8221; header_2_text_align=&#8221;center&#8221; header_2_text_color=&#8221;#FFFFFF&#8221; header_2_font_size=&#8221;50px&#8221; header_2_letter_spacing=&#8221;-0.02em&#8221; header_2_line_height=&#8221;1.15em&#8221; max_width=&#8221;960px&#8221; module_alignment=&#8221;center&#8221; header_2_text_align_tablet=&#8221;left&#8221; header_2_text_align_phone=&#8221;&#8221; header_2_text_align_last_edited=&#8221;on|phone&#8221; header_2_font_size_tablet=&#8221;32px&#8221; header_2_font_size_phone=&#8221;20px&#8221; header_2_font_size_last_edited=&#8221;on|desktop&#8221; locked=&#8221;off&#8221; global_colors_info=&#8221;{}&#8221;]<\/p>\n<h2>FDG<\/h2>\n<p>[\/et_pb_text][et_pb_text _builder_version=&#8221;4.16&#8243; _module_preset=&#8221;default&#8221; text_font=&#8221;Open Sans|600|||||||&#8221; text_text_color=&#8221;#FFFFFF&#8221; text_font_size=&#8221;14px&#8221; text_orientation=&#8221;center&#8221; background_layout=&#8221;dark&#8221; custom_margin=&#8221;||0px|||&#8221; custom_padding=&#8221;||1px|||&#8221; global_colors_info=&#8221;{}&#8221;]<\/p>\n<h3>You have a better translation?<\/h3>\n<p>Help us to make the site available in German, Turkish, English and Zaza. Send us an email with your suggestions for improvement.<\/p>\n<p>[\/et_pb_text][et_pb_button button_text=&#8221;Contact&#8221; button_alignment=&#8221;center&#8221; _builder_version=&#8221;4.16&#8243; _module_preset=&#8221;6414ef9f-e386-4555-a7b7-4544a239078b&#8221; custom_button=&#8221;on&#8221; button_text_size=&#8221;14px&#8221; button_text_color=&#8221;#ef8451&#8243; button_border_width=&#8221;1px&#8221; button_border_color=&#8221;#ef8451&#8243; button_border_radius=&#8221;37px&#8221; button_letter_spacing=&#8221;1px&#8221; button_font=&#8221;DM Sans|700||on|||||&#8221; custom_margin=&#8221;40px||40px||true|false&#8221; custom_padding=&#8221;15px|24px|12px|24px|false|true&#8221; locked=&#8221;off&#8221; global_colors_info=&#8221;{}&#8221; button_text_color__hover_enabled=&#8221;on|hover&#8221; button_text_color__hover=&#8221;#FFFFFF&#8221; button_bg_color__hover_enabled=&#8221;on|hover&#8221; button_bg_color__hover=&#8221;#ef8451&#8243; button_bg_enable_color__hover=&#8221;on&#8221;][\/et_pb_button][\/et_pb_column][\/et_pb_row][\/et_pb_section][et_pb_section fb_built=&#8221;1&#8243; _builder_version=&#8221;4.16&#8243; _module_preset=&#8221;default&#8221; background_color=&#8221;#000000&#8243; custom_padding=&#8221;3px||0px|||&#8221; global_colors_info=&#8221;{}&#8221;][et_pb_row column_structure=&#8221;1_5,1_5,1_5,1_5,1_5&#8243; _builder_version=&#8221;4.16&#8243; _module_preset=&#8221;default&#8221; global_colors_info=&#8221;{}&#8221;][et_pb_column type=&#8221;1_5&#8243; _builder_version=&#8221;4.16&#8243; _module_preset=&#8221;default&#8221; global_colors_info=&#8221;{}&#8221;][et_pb_button button_url=&#8221;https:\/\/dersim-fdg.org\/en\/contact&#8221; button_text=&#8221;Contact&#8221; _builder_version=&#8221;4.16&#8243; _module_preset=&#8221;6414ef9f-e386-4555-a7b7-4544a239078b&#8221; custom_button=&#8221;on&#8221; button_text_size=&#8221;14px&#8221; button_text_color=&#8221;#ef8451&#8243; button_border_width=&#8221;0px&#8221; button_border_color=&#8221;#ef8451&#8243; button_border_radius=&#8221;0px&#8221; button_letter_spacing=&#8221;1px&#8221; button_font=&#8221;Open Sans|700||on|||||&#8221; button_use_icon=&#8221;off&#8221; custom_padding=&#8221;15px|24px|12px|24px|false|true&#8221; locked=&#8221;off&#8221; global_colors_info=&#8221;{}&#8221; button_text_color__hover_enabled=&#8221;on|hover&#8221; button_text_color__hover=&#8221;#FFFFFF&#8221; button_bg_color__hover_enabled=&#8221;on|hover&#8221; button_bg_color__hover=&#8221;#ef8451&#8243; button_bg_enable_color__hover=&#8221;on&#8221;][\/et_pb_button][\/et_pb_column][et_pb_column type=&#8221;1_5&#8243; _builder_version=&#8221;4.16&#8243; _module_preset=&#8221;default&#8221; global_colors_info=&#8221;{}&#8221;][et_pb_button button_url=&#8221;https:\/\/www.facebook.com\/FDG.Resmi.sayfasi\/&#8221; url_new_window=&#8221;on&#8221; button_text=&#8221;Facebook&#8221; _builder_version=&#8221;4.16&#8243; _module_preset=&#8221;6414ef9f-e386-4555-a7b7-4544a239078b&#8221; custom_button=&#8221;on&#8221; button_text_size=&#8221;14px&#8221; button_text_color=&#8221;#ef8451&#8243; button_border_width=&#8221;0px&#8221; button_border_color=&#8221;#ef8451&#8243; button_border_radius=&#8221;0px&#8221; button_letter_spacing=&#8221;1px&#8221; button_font=&#8221;Open Sans|700||on|||||&#8221; button_use_icon=&#8221;off&#8221; custom_padding=&#8221;15px|24px|12px|24px|false|true&#8221; locked=&#8221;off&#8221; global_colors_info=&#8221;{}&#8221; button_text_color__hover_enabled=&#8221;on|hover&#8221; button_text_color__hover=&#8221;#FFFFFF&#8221; button_bg_color__hover_enabled=&#8221;on|hover&#8221; button_bg_color__hover=&#8221;#ef8451&#8243; button_bg_enable_color__hover=&#8221;on&#8221;][\/et_pb_button][\/et_pb_column][et_pb_column type=&#8221;1_5&#8243; _builder_version=&#8221;4.16&#8243; _module_preset=&#8221;default&#8221; global_colors_info=&#8221;{}&#8221;][et_pb_image src=&#8221;https:\/\/dersim-fdg.org\/wp-content\/uploads\/2021\/11\/cropped-logo-fdg-2018-klein-1-300&#215;300.png&#8221; title_text=&#8221;cropped-logo-fdg-2018-klein-1.png&#8221; align=&#8221;center&#8221; _builder_version=&#8221;4.16&#8243; _module_preset=&#8221;default&#8221; width=&#8221;65%&#8221; global_colors_info=&#8221;{}&#8221;][\/et_pb_image][\/et_pb_column][et_pb_column type=&#8221;1_5&#8243; _builder_version=&#8221;4.16&#8243; _module_preset=&#8221;default&#8221; global_colors_info=&#8221;{}&#8221;][et_pb_button button_url=&#8221;https:\/\/dersim-fdg.org\/impressum&#8221; button_text=&#8221;Impressum&#8221; _builder_version=&#8221;4.16&#8243; _module_preset=&#8221;6414ef9f-e386-4555-a7b7-4544a239078b&#8221; custom_button=&#8221;on&#8221; button_text_size=&#8221;14px&#8221; button_text_color=&#8221;#ef8451&#8243; button_border_width=&#8221;0px&#8221; button_border_color=&#8221;#ef8451&#8243; button_border_radius=&#8221;0px&#8221; button_letter_spacing=&#8221;1px&#8221; button_font=&#8221;Open Sans|700||on|||||&#8221; button_use_icon=&#8221;off&#8221; custom_padding=&#8221;15px|24px|12px|24px|false|true&#8221; locked=&#8221;off&#8221; global_colors_info=&#8221;{}&#8221; button_text_color__hover_enabled=&#8221;on|hover&#8221; button_text_color__hover=&#8221;#FFFFFF&#8221; button_bg_color__hover_enabled=&#8221;on|hover&#8221; button_bg_color__hover=&#8221;#ef8451&#8243; button_bg_enable_color__hover=&#8221;on&#8221;][\/et_pb_button][\/et_pb_column][et_pb_column type=&#8221;1_5&#8243; _builder_version=&#8221;4.16&#8243; _module_preset=&#8221;default&#8221; global_colors_info=&#8221;{}&#8221;][et_pb_button button_url=&#8221;https:\/\/dersim-fdg.org\/datenschutz&#8221; button_text=&#8221;Datenschutz&#8221; _builder_version=&#8221;4.16&#8243; _module_preset=&#8221;6414ef9f-e386-4555-a7b7-4544a239078b&#8221; custom_button=&#8221;on&#8221; button_text_size=&#8221;14px&#8221; button_text_color=&#8221;#ef8451&#8243; button_border_width=&#8221;0px&#8221; button_border_color=&#8221;#ef8451&#8243; button_border_radius=&#8221;0px&#8221; button_letter_spacing=&#8221;1px&#8221; button_font=&#8221;Open Sans|700||on|||||&#8221; button_use_icon=&#8221;off&#8221; custom_padding=&#8221;15px|24px|12px|24px|false|true&#8221; locked=&#8221;off&#8221; global_colors_info=&#8221;{}&#8221; button_text_color__hover_enabled=&#8221;on|hover&#8221; button_text_color__hover=&#8221;#FFFFFF&#8221; button_bg_color__hover_enabled=&#8221;on|hover&#8221; button_bg_color__hover=&#8221;#ef8451&#8243; button_bg_enable_color__hover=&#8221;on&#8221;][\/et_pb_button][\/et_pb_column][\/et_pb_row][\/et_pb_section]<\/p>\n","protected":false},"excerpt":{"rendered":"<p>Federation of Dersim Communities in Europe &#8211; FDGFDGIn 2006, several associations in Germany and in some other European countries got together and founded the Federation of Dersim Communities in Europe (FDG). Das Ziel dieser F\u00f6deration ist auch die kulturellen Aktivit\u00e4ten dieser Vereine und die Integration der Dersimer in Europa zu f\u00f6rdern und die Solidarit\u00e4tsarbeit mit [&hellip;]<\/p>\n","protected":false},"author":1,"featured_media":0,"parent":0,"menu_order":0,"comment_status":"closed","ping_status":"closed","template":"","meta":{"_et_pb_use_builder":"on","_et_pb_old_content":"","_et_gb_content_width":"","footnotes":""},"class_list":["post-1043","page","type-page","status-publish","hentry"],"_links":{"self":[{"href":"https:\/\/dersim-fdg.org\/en\/wp-json\/wp\/v2\/pages\/1043","targetHints":{"allow":["GET"]}}],"collection":[{"href":"https:\/\/dersim-fdg.org\/en\/wp-json\/wp\/v2\/pages"}],"about":[{"href":"https:\/\/dersim-fdg.org\/en\/wp-json\/wp\/v2\/types\/page"}],"author":[{"embeddable":true,"href":"https:\/\/dersim-fdg.org\/en\/wp-json\/wp\/v2\/users\/1"}],"replies":[{"embeddable":true,"href":"https:\/\/dersim-fdg.org\/en\/wp-json\/wp\/v2\/comments?post=1043"}],"version-history":[{"count":0,"href":"https:\/\/dersim-fdg.org\/en\/wp-json\/wp\/v2\/pages\/1043\/revisions"}],"wp:attachment":[{"href":"https:\/\/dersim-fdg.org\/en\/wp-json\/wp\/v2\/media?parent=1043"}],"curies":[{"name":"wp","href":"https:\/\/api.w.org\/{rel}","templated":true}]}}