{"id":1144,"date":"2021-11-23T18:04:50","date_gmt":"2021-11-23T18:04:50","guid":{"rendered":"https:\/\/dersim-fdg.org\/history"},"modified":"2025-05-30T23:59:01","modified_gmt":"2025-05-30T23:59:01","slug":"history","status":"publish","type":"page","link":"https:\/\/dersim-fdg.org\/en\/history","title":{"rendered":"History"},"content":{"rendered":"<p>[et_pb_section fb_built=&#8221;1&#8243; admin_label=&#8221;Header&#8221; _builder_version=&#8221;4.16&#8243; _module_preset=&#8221;default&#8221; background_color=&#8221;#f5f3ee&#8221; custom_padding=&#8221;0px|||||&#8221; global_colors_info=&#8221;{}&#8221;][et_pb_row _builder_version=&#8221;4.16&#8243; _module_preset=&#8221;default&#8221; global_colors_info=&#8221;{}&#8221;][et_pb_column type=&#8221;4_4&#8243; _builder_version=&#8221;4.16&#8243; _module_preset=&#8221;default&#8221; global_colors_info=&#8221;{}&#8221;][et_pb_text _builder_version=&#8221;4.16&#8243; _module_preset=&#8221;534cc526-6274-4e31-9e1a-7f18a5947bf1&#8243; header_4_font=&#8221;DM Sans|700||on|||||&#8221; header_4_text_color=&#8221;#EF8451&#8243; header_4_font_size=&#8221;14px&#8221; header_4_letter_spacing=&#8221;1px&#8221; header_4_line_height=&#8221;1.5em&#8221; custom_margin=&#8221;||0px||false|false&#8221; header_4_font_size_tablet=&#8221;14px&#8221; header_4_font_size_phone=&#8221;&#8221; header_4_font_size_last_edited=&#8221;on|tablet&#8221; locked=&#8221;off&#8221; global_colors_info=&#8221;{}&#8221;]<\/p>\n<h4>The historical developments of Dersim before 1938<\/h4>\n<p>[\/et_pb_text][et_pb_text _builder_version=&#8221;4.16&#8243; _module_preset=&#8221;e864d11f-3dab-4fa3-ac06-4f0e1a260807&#8243; custom_padding=&#8221;||1px|||&#8221; locked=&#8221;off&#8221; global_colors_info=&#8221;{}&#8221;]<\/p>\n<h1>History of Dersim<\/h1>\n<p>[\/et_pb_text][\/et_pb_column][\/et_pb_row][et_pb_row column_structure=&#8221;1_2,1_2&#8243; _builder_version=&#8221;4.16&#8243; _module_preset=&#8221;default&#8221; global_colors_info=&#8221;{}&#8221;][et_pb_column type=&#8221;1_2&#8243; _builder_version=&#8221;4.16&#8243; _module_preset=&#8221;default&#8221; custom_padding=&#8221;6%||||false|false&#8221; custom_padding_tablet=&#8221;0%||||false|false&#8221; custom_padding_phone=&#8221;&#8221; custom_padding_last_edited=&#8221;on|tablet&#8221; global_colors_info=&#8221;{}&#8221;][et_pb_text _builder_version=&#8221;4.16&#8243; _module_preset=&#8221;41d5859c-fbaa-458a-88e4-5d886857f235&#8243; locked=&#8221;off&#8221; global_colors_info=&#8221;{}&#8221;]<\/p>\n<h2>The geographical location of Dersim<\/h2>\n<p>D\u00eas\u0131m (Dersim) is the unofficial name today of an area in Turkey \/ Eastern Anatolia, which corresponds in essence to the present province of Tunceli. The old borders of Dersim, on the other hand, went from Kayseri-Sar\u0131z to Mu\u015f-Varto, from G\u00fcm\u00fc\u015fhane to Malatya and Mara\u015f. <\/p>\n<h2>The language and the ethnic groups<\/h2>\n<p>The Dersim call themselves KIRMANC (outside central Dersim also Zaza and D\u0131mili). K\u0131rdas and K\u0131rdaski are terms used for the Dersim Kurds and their language. <\/p>\n<p>The ancient language of the Dersim is called Zazaki. This language is also known as K\u0131rmancki or D\u0131m\u0131lki and belongs to the massively endangered languages. It is a language native to eastern and southeastern Anatolia, belonging to the northwestern Iranian group of the Iranian language branch. Currently, the language is spoken by about two million people, according to UNESCO.   <\/p>\n<p>[\/et_pb_text][\/et_pb_column][et_pb_column type=&#8221;1_2&#8243; _builder_version=&#8221;4.16&#8243; _module_preset=&#8221;default&#8221; global_colors_info=&#8221;{}&#8221;][et_pb_image src=&#8221;https:\/\/dersim-fdg.org\/wp-content\/uploads\/2021\/11\/IMG_20201010_175741-891&#215;1024.png&#8221; title_text=&#8221;IMG_20201010_175741&#8243; show_in_lightbox=&#8221;on&#8221; _builder_version=&#8221;4.16&#8243; _module_preset=&#8221;default&#8221; locked=&#8221;off&#8221; global_colors_info=&#8221;{}&#8221;][\/et_pb_image][et_pb_text _builder_version=&#8221;4.16&#8243; _module_preset=&#8221;default&#8221; text_font=&#8221;Open Sans|600|||||||&#8221; text_font_size=&#8221;12px&#8221; background_color=&#8221;#FFFFFF&#8221; position_origin_a=&#8221;bottom_left&#8221; position_origin_a_last_edited=&#8221;off|desktop&#8221; position_origin_f_last_edited=&#8221;off|desktop&#8221; position_origin_r_last_edited=&#8221;off|desktop&#8221; max_width=&#8221;250px&#8221; max_width_tablet=&#8221;480px&#8221; max_width_phone=&#8221;100%&#8221; max_width_last_edited=&#8221;on|tablet&#8221; custom_margin=&#8221;-30%||||false|false&#8221; custom_margin_last_edited=&#8221;off|phone&#8221; custom_padding=&#8221;15px|30px|15px|30px|true|true&#8221; custom_padding_tablet=&#8221;|20px||20px|true|true&#8221; custom_padding_phone=&#8221;15px|20px|15px|20px|true|true&#8221; custom_padding_last_edited=&#8221;on|phone&#8221; positioning_phone=&#8221;none&#8221; positioning_last_edited=&#8221;off|desktop&#8221; border_radii=&#8221;on|20px|20px|20px|20px&#8221; box_shadow_style=&#8221;preset3&#8243; box_shadow_vertical=&#8221;40px&#8221; box_shadow_blur=&#8221;60px&#8221; box_shadow_spread=&#8221;-10px&#8221; box_shadow_color=&#8221;rgba(3,86,92,0.15)&#8221; locked=&#8221;off&#8221; global_colors_info=&#8221;{}&#8221;]<\/p>\n<p>A selection of publications, books and magazines on the history of Dersim<\/p>\n<p>[\/et_pb_text][et_pb_button button_url=&#8221;\/download\/Geschichte-von-Gagan.pdf&#8221; url_new_window=&#8221;on&#8221; button_text=&#8221;Text example Zaza: Story of Gaga (Alevi Christmas)&#8221; _builder_version=&#8221;4.16&#8243; _module_preset=&#8221;6414ef9f-e386-4555-a7b7-4544a239078b&#8221; custom_button=&#8221;on&#8221; button_text_size=&#8221;14px&#8221; button_text_color=&#8221;#ef8451&#8243; button_border_width=&#8221;1px&#8221; button_border_color=&#8221;#ef8451&#8243; button_border_radius=&#8221;37px&#8221; button_letter_spacing=&#8221;1px&#8221; button_font=&#8221;DM Sans|700||on|||||&#8221; custom_padding=&#8221;15px|24px|12px|24px|false|true&#8221; locked=&#8221;off&#8221; global_colors_info=&#8221;{}&#8221; button_text_color__hover_enabled=&#8221;on|hover&#8221; button_text_color__hover=&#8221;#FFFFFF&#8221; button_bg_color__hover_enabled=&#8221;on|hover&#8221; button_bg_color__hover=&#8221;#ef8451&#8243; button_bg_enable_color__hover=&#8221;on&#8221;][\/et_pb_button][et_pb_button button_url=&#8221;\/download\/einladung-zaza.pdf&#8221; url_new_window=&#8221;on&#8221; button_text=&#8221;Text example Zaza: Invitation to an event to mark the anniversary of the executions&#8221; _builder_version=&#8221;4.16&#8243; _module_preset=&#8221;6414ef9f-e386-4555-a7b7-4544a239078b&#8221; custom_button=&#8221;on&#8221; button_text_size=&#8221;14px&#8221; button_text_color=&#8221;#ef8451&#8243; button_border_width=&#8221;1px&#8221; button_border_color=&#8221;#ef8451&#8243; button_border_radius=&#8221;37px&#8221; button_letter_spacing=&#8221;1px&#8221; button_font=&#8221;DM Sans|700||on|||||&#8221; custom_padding=&#8221;15px|24px|12px|24px|false|true&#8221; locked=&#8221;off&#8221; global_colors_info=&#8221;{}&#8221; button_text_color__hover_enabled=&#8221;on|hover&#8221; button_text_color__hover=&#8221;#FFFFFF&#8221; button_bg_color__hover_enabled=&#8221;on|hover&#8221; button_bg_color__hover=&#8221;#ef8451&#8243; button_bg_enable_color__hover=&#8221;on&#8221;][\/et_pb_button][\/et_pb_column][\/et_pb_row][et_pb_row _builder_version=&#8221;4.16&#8243; _module_preset=&#8221;default&#8221; global_colors_info=&#8221;{}&#8221;][et_pb_column type=&#8221;4_4&#8243; _builder_version=&#8221;4.16&#8243; _module_preset=&#8221;default&#8221; global_colors_info=&#8221;{}&#8221;][et_pb_image src=&#8221;https:\/\/dersim-fdg.org\/wp-content\/uploads\/2021\/11\/Screenshot-2021-11-15-192755-scaled.jpg&#8221; title_text=&#8221;Screenshot 2021-11-15 192755&#8243; _builder_version=&#8221;4.16&#8243; _module_preset=&#8221;default&#8221; global_colors_info=&#8221;{}&#8221;][\/et_pb_image][\/et_pb_column][\/et_pb_row][et_pb_row column_structure=&#8221;1_2,1_2&#8243; _builder_version=&#8221;4.16&#8243; _module_preset=&#8221;default&#8221; global_colors_info=&#8221;{}&#8221;][et_pb_column type=&#8221;1_2&#8243; _builder_version=&#8221;4.16&#8243; _module_preset=&#8221;default&#8221; global_colors_info=&#8221;{}&#8221;][et_pb_text _builder_version=&#8221;4.16&#8243; _module_preset=&#8221;default&#8221; global_colors_info=&#8221;{}&#8221;]<\/p>\n<p>&nbsp;<\/p>\n<p>The K\u0131rmanc\/Zaza number approximately three to four million people, of whom two to three million speak K\u0131rmanc\/Zazaic as their mother tongue. The rest have forgotten the language by now. The Zaza language is considered linguistically as an independent language. Together with the related Gorani, it forms an independent subunit Zaza-Gorani of Northwest Iranian.   <\/p>\n<p>After the Islamization of Anatolia, the groups in the southern blue part became Sunni, while those living in the north kept their Alevi faith despite all resistance in the rugged mountainous region.<\/p>\n<p>&nbsp;<\/p>\n<h2>Culture and beliefs<\/h2>\n<p>Dersim is a colorful mosaic of cultures. Dersim are predominantly Alewites. They have a humanistic, nature-based and esoteric faith community and are persecuted both ethnically and religiously. For a long time there was no written tradition among the Dersim. Fairy tales, poems, songs were passed down orally. In the last decades, more and more writing of the Dersim culture took place in Europe, respectively in Germany. Dersim originally belonged to the non-Muslim peoples of Anatolia.      <\/p>\n<p>&nbsp;<\/p>\n<h2>Conflicts<\/h2>\n<p>During Islamization, many bloody wars were fought against non-Muslim peoples in Anatolia. The Battle of Caldiran in 1514 brought defeats to both the Alevis and other non-Muslim peoples in Anatolia. Nevertheless, the core of the Dersim region was able to remain relatively autonomous until 1937\/38. In 1937-38, there were state-ordered mass executions in the Dersim region, now Tunceli province in eastern Anatolia, which claimed the lives of some 70,000 people, including many women, children, and the elderly. Many thousands of Dersim people were forcibly deported. This genocide is still not recognized by the Turkish Republic.     <\/p>\n<p>&nbsp;<\/p>\n<h2>Exile and depopulation<\/h2>\n<p>The oppression by the state did not end with 1937\/38. Due to the difficult economic situation in the 1970s, many people moved from the countryside to the big cities of Turkey. This was accompanied by a major offensive by the Turkish military in 1994. Many villages were burned and depopulated. As a result of this unrest, a last great wave of emigration has taken place. As displaced people, they have formed communities outside of Dersim. Support associations have sprung up, especially in large cities.      <\/p>\n<p>A significant part of the Dersim now lives in Western Europe, especially in Germany and other countries in Europe. They came to Europe in three waves. The first wave came with the &#8220;guest workers&#8221; in the 1960s\/70s, when Germany was desperate for labor. The second after the military coup that took place on September 12, 1980. The third wave came after the military offensive in 1994. Thus, most of the Dersim people live in exile today.     <\/p>\n<p>The Dersim are for the most part well integrated in Europe and contribute to the community with culture, politics, science and economy. Nevertheless, you still feel as Dersimer, maintain their culture and remember your history. <\/p>\n<p>[\/et_pb_text][\/et_pb_column][et_pb_column type=&#8221;1_2&#8243; _builder_version=&#8221;4.16&#8243; _module_preset=&#8221;default&#8221; global_colors_info=&#8221;{}&#8221;][et_pb_image src=&#8221;https:\/\/dersim-fdg.org\/wp-content\/uploads\/2021\/11\/IMG_20201010_175907-576&#215;1024.png&#8221; title_text=&#8221;IMG_20201010_175907&#8243; show_in_lightbox=&#8221;on&#8221; _builder_version=&#8221;4.16&#8243; _module_preset=&#8221;default&#8221; global_colors_info=&#8221;{}&#8221;][\/et_pb_image][et_pb_text _builder_version=&#8221;4.16&#8243; _module_preset=&#8221;default&#8221; text_font=&#8221;Open Sans|600|||||||&#8221; text_font_size=&#8221;12px&#8221; background_color=&#8221;#FFFFFF&#8221; position_origin_a=&#8221;bottom_left&#8221; position_origin_a_last_edited=&#8221;off|desktop&#8221; position_origin_f_last_edited=&#8221;off|desktop&#8221; position_origin_r_last_edited=&#8221;off|desktop&#8221; max_width=&#8221;250px&#8221; max_width_tablet=&#8221;480px&#8221; max_width_phone=&#8221;100%&#8221; max_width_last_edited=&#8221;on|tablet&#8221; custom_margin=&#8221;-30%||||false|false&#8221; custom_margin_last_edited=&#8221;off|phone&#8221; custom_padding=&#8221;15px|30px|15px|30px|true|true&#8221; custom_padding_tablet=&#8221;|20px||20px|true|true&#8221; custom_padding_phone=&#8221;15px|20px|15px|20px|true|true&#8221; custom_padding_last_edited=&#8221;on|phone&#8221; positioning_phone=&#8221;none&#8221; positioning_last_edited=&#8221;off|desktop&#8221; border_radii=&#8221;on|20px|20px|20px|20px&#8221; box_shadow_style=&#8221;preset3&#8243; box_shadow_vertical=&#8221;40px&#8221; box_shadow_blur=&#8221;60px&#8221; box_shadow_spread=&#8221;-10px&#8221; box_shadow_color=&#8221;rgba(3,86,92,0.15)&#8221; locked=&#8221;off&#8221; global_colors_info=&#8221;{}&#8221;]<\/p>\n<p>A selection of publications, books and magazines on the history of Dersim<\/p>\n<p>[\/et_pb_text][et_pb_image src=&#8221;https:\/\/dersim-fdg.org\/wp-content\/uploads\/2021\/11\/Zaza_woman-1024&#215;694.jpg&#8221; title_text=&#8221;Zaza_woman&#8221; show_in_lightbox=&#8221;on&#8221; _builder_version=&#8221;4.16&#8243; _module_preset=&#8221;default&#8221; global_colors_info=&#8221;{}&#8221;][\/et_pb_image][et_pb_image src=&#8221;https:\/\/dersim-fdg.org\/wp-content\/uploads\/2021\/11\/hizir-1-300&#215;192.jpg&#8221; title_text=&#8221;hizir&#8221; show_in_lightbox=&#8221;on&#8221; _builder_version=&#8221;4.16&#8243; _module_preset=&#8221;default&#8221; global_colors_info=&#8221;{}&#8221;][\/et_pb_image][et_pb_text _builder_version=&#8221;4.16&#8243; _module_preset=&#8221;default&#8221; text_font=&#8221;Open Sans|600|||||||&#8221; text_font_size=&#8221;12px&#8221; background_color=&#8221;#FFFFFF&#8221; position_origin_a=&#8221;bottom_left&#8221; position_origin_a_last_edited=&#8221;off|desktop&#8221; position_origin_f_last_edited=&#8221;off|desktop&#8221; position_origin_r_last_edited=&#8221;off|desktop&#8221; max_width=&#8221;250px&#8221; max_width_tablet=&#8221;480px&#8221; max_width_phone=&#8221;100%&#8221; max_width_last_edited=&#8221;on|tablet&#8221; custom_margin_last_edited=&#8221;off|phone&#8221; custom_padding=&#8221;15px|30px|15px|30px|true|true&#8221; custom_padding_tablet=&#8221;|20px||20px|true|true&#8221; custom_padding_phone=&#8221;15px|20px|15px|20px|true|true&#8221; custom_padding_last_edited=&#8221;on|phone&#8221; positioning_phone=&#8221;none&#8221; positioning_last_edited=&#8221;off|desktop&#8221; border_radii=&#8221;on|20px|20px|20px|20px&#8221; box_shadow_style=&#8221;preset3&#8243; box_shadow_vertical=&#8221;40px&#8221; box_shadow_blur=&#8221;60px&#8221; box_shadow_spread=&#8221;-10px&#8221; box_shadow_color=&#8221;rgba(3,86,92,0.15)&#8221; locked=&#8221;off&#8221; global_colors_info=&#8221;{}&#8221;]<\/p>\n<p>Women from Dersim in<br \/>traditional clothing<\/p>\n<p>[\/et_pb_text][\/et_pb_column][\/et_pb_row][\/et_pb_section]<\/p>\n","protected":false},"excerpt":{"rendered":"<p>The historical developments of Dersim before 1938History of DersimThe geographical location of Dersim D\u00eas\u0131m (Dersim) is the unofficial name today of an area in Turkey \/ Eastern Anatolia, which corresponds in essence to the present province of Tunceli. The old borders of Dersim, on the other hand, went from Kayseri-Sar\u0131z to Mu\u015f-Varto, from G\u00fcm\u00fc\u015fhane to [&hellip;]<\/p>\n","protected":false},"author":1,"featured_media":0,"parent":0,"menu_order":0,"comment_status":"closed","ping_status":"closed","template":"","meta":{"_et_pb_use_builder":"on","_et_pb_old_content":"","_et_gb_content_width":"","footnotes":""},"class_list":["post-1144","page","type-page","status-publish","hentry"],"_links":{"self":[{"href":"https:\/\/dersim-fdg.org\/en\/wp-json\/wp\/v2\/pages\/1144","targetHints":{"allow":["GET"]}}],"collection":[{"href":"https:\/\/dersim-fdg.org\/en\/wp-json\/wp\/v2\/pages"}],"about":[{"href":"https:\/\/dersim-fdg.org\/en\/wp-json\/wp\/v2\/types\/page"}],"author":[{"embeddable":true,"href":"https:\/\/dersim-fdg.org\/en\/wp-json\/wp\/v2\/users\/1"}],"replies":[{"embeddable":true,"href":"https:\/\/dersim-fdg.org\/en\/wp-json\/wp\/v2\/comments?post=1144"}],"version-history":[{"count":0,"href":"https:\/\/dersim-fdg.org\/en\/wp-json\/wp\/v2\/pages\/1144\/revisions"}],"wp:attachment":[{"href":"https:\/\/dersim-fdg.org\/en\/wp-json\/wp\/v2\/media?parent=1144"}],"curies":[{"name":"wp","href":"https:\/\/api.w.org\/{rel}","templated":true}]}}