{"id":6749,"date":"2025-05-04T03:41:22","date_gmt":"2025-05-04T03:41:22","guid":{"rendered":"https:\/\/dersim-fdg.org\/activities-2016-2019"},"modified":"2025-05-28T02:54:00","modified_gmt":"2025-05-28T02:54:00","slug":"activities-2016-2019","status":"publish","type":"page","link":"https:\/\/dersim-fdg.org\/en\/activities-2016-2019","title":{"rendered":"Activities 2016-2019"},"content":{"rendered":"<p>[et_pb_section fb_built=&#8221;1&#8243; _builder_version=&#8221;4.27.4&#8243; _module_preset=&#8221;default&#8221; custom_margin=&#8221;0px||0px||false|false&#8221; custom_padding=&#8221;4px|||||&#8221; global_colors_info=&#8221;{}&#8221;][et_pb_row column_structure=&#8221;2_5,3_5&#8243; _builder_version=&#8221;4.20.2&#8243; _module_preset=&#8221;default&#8221; locked=&#8221;off&#8221; global_colors_info=&#8221;{}&#8221; custom_padding=&#8221;||4px|||&#8221; custom_margin=&#8221;|auto|14px|auto||&#8221;][et_pb_column type=&#8221;2_5&#8243; _builder_version=&#8221;4.20.2&#8243; _module_preset=&#8221;default&#8221; global_colors_info=&#8221;{}&#8221;][et_pb_image src=&#8221;https:\/\/dersim-fdg.org\/wp-content\/uploads\/2024\/06\/logo-fdg.png&#8221; title_text=&#8221;Logo-FDG&#8221; _builder_version=&#8221;4.25.2&#8243; _module_preset=&#8221;default&#8221; width=&#8221;47%&#8221; global_colors_info=&#8221;{}&#8221;][\/et_pb_image][et_pb_button _builder_version=&#8221;4.27.4&#8243; _module_preset=&#8221;default&#8221; custom_button=&#8221;on&#8221; button_text_size=&#8221;18px&#8221; button_text_color=&#8221;#212121&#8243; button_bg_color=&#8221;#e09900&#8243; button_border_width=&#8221;2px&#8221; button_border_color=&#8221;#e09900&#8243; button_border_radius=&#8221;9px&#8221; button_letter_spacing=&#8221;3px&#8221; custom_margin=&#8221;||16px|||&#8221; hover_enabled=&#8221;0&#8243; custom_css_main_element=&#8221; width: 350px;&#8221; global_module=&#8221;6656&#8243; saved_tabs=&#8221;all&#8221; locked=&#8221;off&#8221; global_colors_info=&#8221;{}&#8221; sticky_enabled=&#8221;0&#8243; button_url=&#8221;https:\/\/dersim-fdg.org\/en\/current-activities&#8221; button_text=&#8221;Current activities&#8221;][\/et_pb_button][et_pb_button _builder_version=&#8221;4.27.4&#8243; _module_preset=&#8221;default&#8221; custom_button=&#8221;on&#8221; button_text_size=&#8221;18px&#8221; button_text_color=&#8221;#212121&#8243; button_bg_color=&#8221;#e09900&#8243; button_border_width=&#8221;2px&#8221; button_border_color=&#8221;#e09900&#8243; button_border_radius=&#8221;9px&#8221; button_letter_spacing=&#8221;3px&#8221; custom_margin=&#8221;||16px|||&#8221; hover_enabled=&#8221;0&#8243; custom_css_main_element=&#8221; width: 350px;&#8221; global_module=&#8221;6656&#8243; saved_tabs=&#8221;all&#8221; locked=&#8221;off&#8221; global_colors_info=&#8221;{}&#8221; sticky_enabled=&#8221;0&#8243; button_url=&#8221;https:\/\/dersim-fdg.org\/en\/aktivitaeten-2022&#8243; button_text=&#8221;Aktivit\u00e4ten 2022&#8243;][\/et_pb_button][et_pb_button button_url=&#8221;https:\/\/dersim-fdg.org\/aktivitaeten-2019-2021&#8243; button_text=&#8221;Activities 2019-2021&#8243; _builder_version=&#8221;4.27.4&#8243; _module_preset=&#8221;default&#8221; custom_button=&#8221;on&#8221; button_text_size=&#8221;18px&#8221; button_text_color=&#8221;#212121&#8243; button_bg_color=&#8221;#e09900&#8243; button_border_width=&#8221;2px&#8221; button_border_color=&#8221;#e09900&#8243; button_border_radius=&#8221;9px&#8221; button_letter_spacing=&#8221;3px&#8221; custom_margin=&#8221;||16px|||&#8221; hover_enabled=&#8221;0&#8243; custom_css_main_element=&#8221; width: 350px;&#8221; global_module=&#8221;6656&#8243; saved_tabs=&#8221;all&#8221; locked=&#8221;off&#8221; global_colors_info=&#8221;{}&#8221; sticky_enabled=&#8221;0&#8243;][\/et_pb_button][et_pb_button _builder_version=&#8221;4.27.4&#8243; _module_preset=&#8221;default&#8221; custom_button=&#8221;on&#8221; button_text_size=&#8221;18px&#8221; button_text_color=&#8221;#212121&#8243; button_bg_color=&#8221;#e09900&#8243; button_border_width=&#8221;2px&#8221; button_border_color=&#8221;#e09900&#8243; button_border_radius=&#8221;9px&#8221; button_letter_spacing=&#8221;3px&#8221; custom_margin=&#8221;||16px|||&#8221; hover_enabled=&#8221;0&#8243; custom_css_main_element=&#8221; width: 350px;&#8221; global_module=&#8221;6656&#8243; saved_tabs=&#8221;all&#8221; locked=&#8221;off&#8221; global_colors_info=&#8221;{}&#8221; sticky_enabled=&#8221;0&#8243; button_url=&#8221;https:\/\/dersim-fdg.org\/en\/activities-2006-2015&#8243; button_text=&#8221;Activities 2006-2015&#8243;][\/et_pb_button][\/et_pb_column][et_pb_column type=&#8221;3_5&#8243; _builder_version=&#8221;4.20.2&#8243; _module_preset=&#8221;default&#8221; global_colors_info=&#8221;{}&#8221;][et_pb_blurb title=&#8221;Selection of past events&#8221; _builder_version=&#8221;4.27.4&#8243; _module_preset=&#8221;dab8ae77-843d-4934-a7b3-8e57f832b52c&#8221; header_font=&#8221;Open Sans|700|||||||&#8221; header_text_color=&#8221;#0F393B&#8221; header_font_size=&#8221;27px&#8221; body_font=&#8221;DM Sans|700||on|||||&#8221; body_text_color=&#8221;#EF8451&#8243; body_letter_spacing=&#8221;1px&#8221; background_color=&#8221;#f4b729&#8243; text_orientation=&#8221;center&#8221; custom_padding=&#8221;40px|20px|40px|20px|true|true&#8221; border_radii=&#8221;on|20px|20px|20px|20px&#8221; global_colors_info=&#8221;{}&#8221;]<\/p>\n<h3>Posters and Facebook messages<\/h3>\n<p>&nbsp;<\/p>\n<p>&nbsp;<\/p>\n<h2><strong>Activities 2016-2019<\/strong><\/h2>\n<p>[\/et_pb_blurb][\/et_pb_column][\/et_pb_row][et_pb_row _builder_version=&#8221;4.20.2&#8243; _module_preset=&#8221;default&#8221; locked=&#8221;off&#8221; global_colors_info=&#8221;{}&#8221;][et_pb_column type=&#8221;4_4&#8243; _builder_version=&#8221;4.20.2&#8243; _module_preset=&#8221;default&#8221; global_colors_info=&#8221;{}&#8221;][et_pb_text _builder_version=&#8221;4.27.4&#8243; _module_preset=&#8221;default&#8221; text_font=&#8221;|600||||||#000000|&#8221; text_font_size=&#8221;42px&#8221; text_letter_spacing=&#8221;1px&#8221; text_line_height=&#8221;1.5em&#8221; header_font=&#8221;|800||on|||||&#8221; header_letter_spacing=&#8221;32px&#8221; header_line_height=&#8221;1.6em&#8221; background_color=&#8221;rgba(244,183,41,0.67)&#8221; min_height=&#8221;100px&#8221; custom_margin=&#8221;||||false|false&#8221; custom_padding=&#8221;||40px|20px|false|false&#8221; header_text_shadow_style=&#8221;preset1&#8243; header_text_shadow_vertical_length=&#8221;-0.78em&#8221; header_text_shadow_blur_strength=&#8221;0.61em&#8221; border_radii=&#8221;on|10px|10px|10px|10px&#8221; global_module=&#8221;4954&#8243; saved_tabs=&#8221;all&#8221; locked=&#8221;off&#8221; global_colors_info=&#8221;{}&#8221;]<\/p>\n<p>Aktivit\u00e4ten 2019<\/p>\n<p>[\/et_pb_text][et_pb_gallery gallery_ids=&#8221;4176,4180,4184,4188,4192,4196,4200,4204,4208,4212,4216,4220,4224,4228,4232,4236,4240,4248,4252,4256,4260,4264,4268,4272,4276,4280,4284,4288,4292,4304,4308,4312,4316,4320,4324,4328&#8243; posts_number=&#8221;40&#8243; orientation=&#8221;portrait&#8221; show_title_and_caption=&#8221;off&#8221; _builder_version=&#8221;4.20.2&#8243; _module_preset=&#8221;default&#8221; global_colors_info=&#8221;{}&#8221;][\/et_pb_gallery][\/et_pb_column][\/et_pb_row][et_pb_row _builder_version=&#8221;4.20.2&#8243; _module_preset=&#8221;default&#8221; locked=&#8221;off&#8221; global_colors_info=&#8221;{}&#8221;][et_pb_column type=&#8221;4_4&#8243; _builder_version=&#8221;4.20.2&#8243; _module_preset=&#8221;default&#8221; global_colors_info=&#8221;{}&#8221;][et_pb_text _builder_version=&#8221;4.27.4&#8243; _module_preset=&#8221;default&#8221; text_font=&#8221;|600||||||#000000|&#8221; text_font_size=&#8221;42px&#8221; text_letter_spacing=&#8221;1px&#8221; text_line_height=&#8221;1.5em&#8221; header_font=&#8221;|800||on|||||&#8221; header_letter_spacing=&#8221;32px&#8221; header_line_height=&#8221;1.6em&#8221; background_color=&#8221;rgba(244,183,41,0.67)&#8221; min_height=&#8221;100px&#8221; custom_margin=&#8221;||||false|false&#8221; custom_padding=&#8221;||40px|20px|false|false&#8221; header_text_shadow_style=&#8221;preset1&#8243; header_text_shadow_vertical_length=&#8221;-0.78em&#8221; header_text_shadow_blur_strength=&#8221;0.61em&#8221; border_radii=&#8221;on|10px|10px|10px|10px&#8221; global_module=&#8221;4954&#8243; saved_tabs=&#8221;all&#8221; locked=&#8221;off&#8221; global_colors_info=&#8221;{}&#8221;]<\/p>\n<p>Aktivit\u00e4ten 2018<\/p>\n<p>[\/et_pb_text][et_pb_gallery gallery_ids=&#8221;4332,4336,4340,4344,4348,4352,4356,4360,4364,4368,4372,4376,4380,4384,4388,4392,4396,4400,4404,4408,4412,4416,4420,4424,4428&#8243; posts_number=&#8221;40&#8243; orientation=&#8221;portrait&#8221; show_title_and_caption=&#8221;off&#8221; _builder_version=&#8221;4.20.2&#8243; _module_preset=&#8221;default&#8221; global_colors_info=&#8221;{}&#8221;][\/et_pb_gallery][\/et_pb_column][\/et_pb_row][et_pb_row _builder_version=&#8221;4.20.2&#8243; _module_preset=&#8221;default&#8221; locked=&#8221;off&#8221; global_colors_info=&#8221;{}&#8221;][et_pb_column type=&#8221;4_4&#8243; _builder_version=&#8221;4.20.2&#8243; _module_preset=&#8221;default&#8221; global_colors_info=&#8221;{}&#8221;][et_pb_text _builder_version=&#8221;4.27.4&#8243; _module_preset=&#8221;default&#8221; text_font=&#8221;|600||||||#000000|&#8221; text_font_size=&#8221;42px&#8221; text_letter_spacing=&#8221;1px&#8221; text_line_height=&#8221;1.5em&#8221; header_font=&#8221;|800||on|||||&#8221; header_letter_spacing=&#8221;32px&#8221; header_line_height=&#8221;1.6em&#8221; background_color=&#8221;rgba(244,183,41,0.67)&#8221; min_height=&#8221;100px&#8221; custom_margin=&#8221;||||false|false&#8221; custom_padding=&#8221;||40px|20px|false|false&#8221; header_text_shadow_style=&#8221;preset1&#8243; header_text_shadow_vertical_length=&#8221;-0.78em&#8221; header_text_shadow_blur_strength=&#8221;0.61em&#8221; border_radii=&#8221;on|10px|10px|10px|10px&#8221; global_module=&#8221;4954&#8243; saved_tabs=&#8221;all&#8221; locked=&#8221;off&#8221; global_colors_info=&#8221;{}&#8221;]<\/p>\n<p>Aktivit\u00e4ten 2017<\/p>\n<p>[\/et_pb_text][et_pb_gallery gallery_ids=&#8221;4432,4436,4440,4444,4448,4452,4456,4460,4464,4468,4472,4476,4480,4484,4488,4492,4496,4500,4504,4508,4512,4516&#8243; posts_number=&#8221;40&#8243; orientation=&#8221;portrait&#8221; show_title_and_caption=&#8221;off&#8221; _builder_version=&#8221;4.20.2&#8243; _module_preset=&#8221;default&#8221; global_colors_info=&#8221;{}&#8221;][\/et_pb_gallery][\/et_pb_column][\/et_pb_row][et_pb_row _builder_version=&#8221;4.20.2&#8243; _module_preset=&#8221;default&#8221; locked=&#8221;off&#8221; global_colors_info=&#8221;{}&#8221;][et_pb_column type=&#8221;4_4&#8243; _builder_version=&#8221;4.20.2&#8243; _module_preset=&#8221;default&#8221; global_colors_info=&#8221;{}&#8221;][et_pb_text _builder_version=&#8221;4.27.4&#8243; _module_preset=&#8221;default&#8221; text_font=&#8221;|600||||||#000000|&#8221; text_font_size=&#8221;42px&#8221; text_letter_spacing=&#8221;1px&#8221; text_line_height=&#8221;1.5em&#8221; header_font=&#8221;|800||on|||||&#8221; header_letter_spacing=&#8221;32px&#8221; header_line_height=&#8221;1.6em&#8221; background_color=&#8221;rgba(244,183,41,0.67)&#8221; min_height=&#8221;100px&#8221; custom_margin=&#8221;||||false|false&#8221; custom_padding=&#8221;||40px|20px|false|false&#8221; header_text_shadow_style=&#8221;preset1&#8243; header_text_shadow_vertical_length=&#8221;-0.78em&#8221; header_text_shadow_blur_strength=&#8221;0.61em&#8221; border_radii=&#8221;on|10px|10px|10px|10px&#8221; global_module=&#8221;4954&#8243; saved_tabs=&#8221;all&#8221; locked=&#8221;off&#8221; global_colors_info=&#8221;{}&#8221;]<\/p>\n<p>Aktivit\u00e4ten 2016<\/p>\n<p>[\/et_pb_text][et_pb_gallery gallery_ids=&#8221;4520,4524,4528,4532,4536,4540,4544,4548,4552,4556,4560,4564,4568,4572,4576,4580,4584,4588,4592,4596,4600,4604,4608,4612,4616,4620,4624,4628,4632,4636,4640,4644,4648,4652,4656&#8243; posts_number=&#8221;40&#8243; orientation=&#8221;portrait&#8221; show_title_and_caption=&#8221;off&#8221; _builder_version=&#8221;4.20.2&#8243; _module_preset=&#8221;default&#8221; global_colors_info=&#8221;{}&#8221;][\/et_pb_gallery][\/et_pb_column][\/et_pb_row][\/et_pb_section]<\/p>\n","protected":false},"excerpt":{"rendered":"<p>Posters and Facebook messages &nbsp; &nbsp; Activities 2016-2019Aktivit\u00e4ten 2019Aktivit\u00e4ten 2018Aktivit\u00e4ten 2017Aktivit\u00e4ten 2016<\/p>\n","protected":false},"author":1,"featured_media":0,"parent":0,"menu_order":0,"comment_status":"closed","ping_status":"closed","template":"","meta":{"_et_pb_use_builder":"on","_et_pb_old_content":"","_et_gb_content_width":"","footnotes":""},"class_list":["post-6749","page","type-page","status-publish","hentry"],"_links":{"self":[{"href":"https:\/\/dersim-fdg.org\/en\/wp-json\/wp\/v2\/pages\/6749","targetHints":{"allow":["GET"]}}],"collection":[{"href":"https:\/\/dersim-fdg.org\/en\/wp-json\/wp\/v2\/pages"}],"about":[{"href":"https:\/\/dersim-fdg.org\/en\/wp-json\/wp\/v2\/types\/page"}],"author":[{"embeddable":true,"href":"https:\/\/dersim-fdg.org\/en\/wp-json\/wp\/v2\/users\/1"}],"replies":[{"embeddable":true,"href":"https:\/\/dersim-fdg.org\/en\/wp-json\/wp\/v2\/comments?post=6749"}],"version-history":[{"count":0,"href":"https:\/\/dersim-fdg.org\/en\/wp-json\/wp\/v2\/pages\/6749\/revisions"}],"wp:attachment":[{"href":"https:\/\/dersim-fdg.org\/en\/wp-json\/wp\/v2\/media?parent=6749"}],"curies":[{"name":"wp","href":"https:\/\/api.w.org\/{rel}","templated":true}]}}