{"id":1049,"date":"2021-11-23T15:11:07","date_gmt":"2021-11-23T15:11:07","guid":{"rendered":"https:\/\/dersim-fdg.org\/toplum"},"modified":"2023-07-17T11:39:00","modified_gmt":"2023-07-17T11:39:00","slug":"toplum","status":"publish","type":"page","link":"https:\/\/dersim-fdg.org\/tr\/toplum","title":{"rendered":"toplum"},"content":{"rendered":"<p>[et_pb_section fb_built=&#8221;1&#8243; admin_label=&#8221;Header&#8221; _builder_version=&#8221;4.16&#8243; _module_preset=&#8221;default&#8221; background_color=&#8221;#f5f3ee&#8221; global_colors_info=&#8221;{}&#8221;][et_pb_row column_structure=&#8221;1_2,1_2&#8243; _builder_version=&#8221;4.16&#8243; _module_preset=&#8221;default&#8221; locked=&#8221;off&#8221; global_colors_info=&#8221;{}&#8221;][et_pb_column type=&#8221;1_2&#8243; _builder_version=&#8221;4.16&#8243; _module_preset=&#8221;default&#8221; global_colors_info=&#8221;{}&#8221;][et_pb_text _builder_version=&#8221;4.16&#8243; _module_preset=&#8221;534cc526-6274-4e31-9e1a-7f18a5947bf1&#8243; header_4_text_color=&#8221;#EF8451&#8243; header_4_font_size=&#8221;14px&#8221; header_4_letter_spacing=&#8221;1px&#8221; header_4_line_height=&#8221;1.5em&#8221; custom_margin=&#8221;||0px||false|false&#8221; custom_padding=&#8221;||2px|||&#8221; header_4_font_size_tablet=&#8221;14px&#8221; header_4_font_size_phone=&#8221;&#8221; header_4_font_size_last_edited=&#8221;on|tablet&#8221; locked=&#8221;off&#8221; global_colors_info=&#8221;{}&#8221;]<\/p>\n<h4>Avrupa Dersim Belediyeler Federasyonu<\/h4>\n<p>[\/et_pb_text][et_pb_text _builder_version=&#8221;4.16&#8243; _module_preset=&#8221;df96b77a-cd4f-44a8-a771-2d6347592b53&#8243; header_2_text_color=&#8221;#093532&#8243; header_2_font_size=&#8221;50px&#8221; header_2_letter_spacing=&#8221;-0.02em&#8221; header_2_line_height=&#8221;1.15em&#8221; header_2_font_size_tablet=&#8221;32px&#8221; header_2_font_size_phone=&#8221;20px&#8221; header_2_font_size_last_edited=&#8221;on|desktop&#8221; locked=&#8221;off&#8221; global_colors_info=&#8221;{}&#8221;]<\/p>\n<h2>FDG <\/h2>\n<p>[\/et_pb_text][et_pb_text _builder_version=&#8221;4.16&#8243; _module_preset=&#8221;5ff55506-da7d-4dd7-b409-9d62c7203201&#8243; text_text_color=&#8221;#0F393B&#8221; text_font_size=&#8221;16px&#8221; text_font_size_tablet=&#8221;15px&#8221; header_font_size_tablet=&#8221;55px&#8221; header_font_size_last_edited=&#8221;off|desktop&#8221; locked=&#8221;off&#8221; global_colors_info=&#8221;{}&#8221;]<\/p>\n<p>2006 y\u0131l\u0131nda Almanya ve di\u011fer baz\u0131 Avrupa \u00fclkelerinde \u00e7e\u015fitli dernekler g\u00fc\u00e7lerini birle\u015ftirerek Avrupa Dersim Belediyeleri Federasyonu&#8217;nu (FDG) kurdular.<br \/>\nBu federasyonun amac\u0131 ayn\u0131 zamanda bu derneklerin k\u00fclt\u00fcrel faaliyetlerini ve Dersim halk\u0131n\u0131n Avrupa&#8217;ya entegrasyonunu te\u015fvik etmek ve Dersim ile dayan\u0131\u015fma \u00e7al\u0131\u015fmalar\u0131n\u0131 koordine etmektir.<br \/>\nTemalar Dersimlilerin do\u011fas\u0131, k\u00fclt\u00fcr\u00fc ve an\u0131lar\u0131d\u0131r.  <\/p>\n<p>Biz Dersimer kul\u00fcplerinin Avrupa&#8217;daki \u00e7at\u0131 kurulu\u015fuyuz. K\u0131rman\u00e7 \/ Zaza Alevilerini temsil ediyoruz. Avrupa&#8217;da bu k\u00fclt\u00fcre ait oldu\u011funu hisseden yakla\u015f\u0131k 250.000 &#8211; 300.000 ki\u015fi ya\u015f\u0131yor.<\/p>\n<p>\u00d6rne\u011fin kul\u00fcplerimizin g\u00f6revleri.<\/p>\n<ul>\n<li>Sosyal konularda tavsiyeler, yetkililerle ili\u015fkiler.<\/li>\n<li>G\u00f6\u00e7men ailelerde, ya\u015fl\u0131larda, kad\u0131nlarda ve gen\u00e7lerde daha iyi e\u011fitim f\u0131rsatlar\u0131 i\u00e7in yeterlilik.<\/li>\n<li>Di\u011fer g\u00f6\u00e7menler, kurulu\u015flar ve dernek temsilcileriyle a\u011f kurma.<\/li>\n<li>Her y\u0131l May\u0131s ay\u0131nda FDG, TERTELE 37\/38&#8217;i (Dersimlilerin soyk\u0131r\u0131m\u0131) anmak i\u00e7in b\u00fcy\u00fck bir etkinlik d\u00fczenler.<\/li>\n<li>Avrupa&#8217;da Dersimlilerin geleneksel bayramlar\u0131n\u0131n ya\u015fat\u0131lmas\u0131. Di\u011fer \u015feylerin yan\u0131 s\u0131ra Gagan Festivali, Xeylas Festivali ve ayr\u0131ca M\u00fcsl\u00fcman Kurban Bayram\u0131.<\/li>\n<li>Dil Dersleri, Zaza &#8211; Dil Dersleri.<\/li>\n<li>Dans, m\u00fczik ve folklor gruplar\u0131 ve gen\u00e7lik gruplar\u0131.<\/li>\n<\/ul>\n<p>Hedeflerimizi ve faaliyet alanlar\u0131m\u0131z\u0131 da ana s\u00f6zle\u015fmemizde bulabilirsiniz.<br \/><a href=\"http:\/\/www.dersim-online.de\/download\/Satzung-der-FDG.pdf\" target=\"_blank\" rel=\"noopener\" title=\"Satzung der FDG.pdf\">Satzung der FDG.pdf<\/a><\/p>\n<p>[\/et_pb_text][\/et_pb_column][et_pb_column type=&#8221;1_2&#8243; _builder_version=&#8221;4.16&#8243; _module_preset=&#8221;default&#8221; global_colors_info=&#8221;{}&#8221;][et_pb_image src=&#8221;https:\/\/dersim-fdg.org\/wp-content\/uploads\/2021\/11\/cropped-logo-fdg-2018-klein-1-1.png&#8221; title_text=&#8221;cropped-logo-fdg-2018-klein-1&#8243; _builder_version=&#8221;4.16&#8243; _module_preset=&#8221;default&#8221; locked=&#8221;off&#8221; global_colors_info=&#8221;{}&#8221;][\/et_pb_image][\/et_pb_column][\/et_pb_row][et_pb_row _builder_version=&#8221;4.16&#8243; _module_preset=&#8221;default&#8221; locked=&#8221;off&#8221; global_colors_info=&#8221;{}&#8221;][et_pb_column type=&#8221;4_4&#8243; _builder_version=&#8221;4.16&#8243; _module_preset=&#8221;default&#8221; global_colors_info=&#8221;{}&#8221;][et_pb_text _builder_version=&#8221;4.16&#8243; _module_preset=&#8221;default&#8221; text_text_color=&#8221;RGBA(0,0,0,0)&#8221; header_2_text_color=&#8221;#ef8451&#8243; custom_padding=&#8221;||0px|||&#8221; global_colors_info=&#8221;{}&#8221;]<\/p>\n<h2>FDG&#8217;nin ileti\u015fim bilgileri<\/h2>\n<p>[\/et_pb_text][et_pb_blurb title=&#8221;FDG&#8221; image=&#8221;https:\/\/dersim-fdg.org\/wp-content\/uploads\/2021\/11\/ngo-icon-17.png&#8221; icon_placement=&#8221;left&#8221; _builder_version=&#8221;4.20.2&#8243; _module_preset=&#8221;default&#8221; header_level=&#8221;h2&#8243; header_text_color=&#8221;#ef8451&#8243; background_color=&#8221;#FFFFFF&#8221; width=&#8221;72.6%&#8221; custom_padding=&#8221;10px||||false|false&#8221; border_radii=&#8221;on|20px|20px|20px|20px&#8221; border_radii_image=&#8221;on|20px|20px|20px|20px&#8221; global_colors_info=&#8221;{}&#8221;]<\/p>\n<h4>F\u00f6deration der Dersim Gemeinden in Europa e.V.<\/h4>\n<h4>Waterloo &#8211; Ufer 7 <\/h4>\n<h4> 10961 Berlin<\/h4>\n<p>Email: <a href=\"mailto:fdg.europa@gmail.com\" target=\"_blank\" rel=\"noopener\">fdg.europa@gmail.com<\/a><\/p>\n<p>Tel: 0171 8321787<\/p>\n<p>[\/et_pb_blurb][et_pb_text _builder_version=&#8221;4.16&#8243; _module_preset=&#8221;default&#8221; text_text_color=&#8221;RGBA(0,0,0,0)&#8221; header_2_text_color=&#8221;#ef8451&#8243; custom_margin=&#8221;||-1px|||&#8221; custom_padding=&#8221;||37px|||&#8221; global_colors_info=&#8221;{}&#8221;]<\/p>\n<h2>kul\u00fcplerimiz<\/h2>\n<p>[\/et_pb_text][et_pb_blurb title=&#8221;Berlin&#8221; image=&#8221;https:\/\/dersim-fdg.org\/wp-content\/uploads\/2021\/11\/ngo-icon-17.png&#8221; icon_placement=&#8221;left&#8221; _builder_version=&#8221;4.16&#8243; _module_preset=&#8221;default&#8221; header_level=&#8221;h2&#8243; header_text_color=&#8221;#ef8451&#8243; background_color=&#8221;#FFFFFF&#8221; width=&#8221;72.6%&#8221; custom_padding=&#8221;10px||||false|false&#8221; border_radii=&#8221;on|20px|20px|20px|20px&#8221; border_radii_image=&#8221;on|20px|20px|20px|20px&#8221; global_colors_info=&#8221;{}&#8221;]<\/p>\n<h4>Dersimer Kultur Gemeinde Berlin e.V.<\/h4>\n<p>Waterlooufer 7<br \/>10961 Berlin<br \/>Tel: 030 612 83 113<br \/>Email: <a href=\"mailto:dersimberlin@gmail.com\" target=\"_blank\" rel=\"noopener\">dersimberlin@gmail.com<\/a><br \/>Web: <a href=\"http:\/\/dersimkulturdernegi.com\/\" target=\"_blank\" rel=\"noopener\">http:\/\/dersimkulturdernegi.com\/<\/a><\/p>\n<p>[\/et_pb_blurb][et_pb_blurb title=&#8221;Berlin&#8221; use_icon=&#8221;on&#8221; font_icon=&#8221;&#xe03c;||divi||400&#8243; icon_placement=&#8221;left&#8221; _builder_version=&#8221;4.20.2&#8243; _module_preset=&#8221;default&#8221; header_level=&#8221;h2&#8243; header_text_color=&#8221;#ef8451&#8243; background_color=&#8221;#FFFFFF&#8221; width=&#8221;72.6%&#8221; custom_padding=&#8221;10px||||false|false&#8221; link_option_url=&#8221;https:\/\/dersim-fdg.org\/tr\/dersim-kultur-gemeinde-berlin-e-v&#8221; border_radii=&#8221;on|20px|20px|20px|20px&#8221; border_radii_image=&#8221;on|20px|20px|20px|20px&#8221; global_colors_info=&#8221;{}&#8221;]<\/p>\n<h3><span style=\"color: #00ccff;\">Ek Bilgiler<\/span><\/h3>\n<p>[\/et_pb_blurb][et_pb_blurb title=&#8221;K\u00f6ln&#8221; image=&#8221;https:\/\/dersim-fdg.org\/wp-content\/uploads\/2021\/11\/ngo-icon-17.png&#8221; icon_placement=&#8221;left&#8221; _builder_version=&#8221;4.16&#8243; _module_preset=&#8221;default&#8221; header_level=&#8221;h2&#8243; header_text_color=&#8221;#ef8451&#8243; background_color=&#8221;#FFFFFF&#8221; width=&#8221;72.6%&#8221; custom_padding=&#8221;10px||||false|false&#8221; border_radii=&#8221;on|20px|20px|20px|20px&#8221; border_radii_image=&#8221;on|20px|20px|20px|20px&#8221; global_colors_info=&#8221;{}&#8221;]<\/p>\n<h4>Dersim Gemeinde K\u00f6ln e.V.<\/h4>\n<p>Bleichstr. 1<br \/>51063 K\u00f6ln<br \/>Email: <a href=\"mailto:dgk@dersimweb.de\">dgk@dersimweb.de<\/a><br \/>Web:<a href=\"http:\/\/dersimweb.de\" target=\"_blank\" rel=\"noopener\"> dersimweb.de<\/a><\/p>\n<p>[\/et_pb_blurb][et_pb_blurb title=&#8221;K\u00f6ln&#8221; use_icon=&#8221;on&#8221; font_icon=&#8221;&#xe03c;||divi||400&#8243; icon_placement=&#8221;left&#8221; _builder_version=&#8221;4.20.2&#8243; _module_preset=&#8221;default&#8221; header_level=&#8221;h2&#8243; header_text_color=&#8221;#ef8451&#8243; background_color=&#8221;#FFFFFF&#8221; width=&#8221;72.6%&#8221; custom_padding=&#8221;10px||||false|false&#8221; link_option_url=&#8221;\/tr\/dersim-koeln\/&#8221; hover_enabled=&#8221;0&#8243; border_radii=&#8221;on|20px|20px|20px|20px&#8221; border_radii_image=&#8221;on|20px|20px|20px|20px&#8221; global_colors_info=&#8221;{}&#8221; sticky_enabled=&#8221;0&#8243;]<\/p>\n<h3><span style=\"color: #00ccff;\">Ek Bilgiler<\/span><\/h3>\n<p>[\/et_pb_blurb][et_pb_blurb title=&#8221;Westfalen&#8221; image=&#8221;https:\/\/dersim-fdg.org\/wp-content\/uploads\/2021\/11\/ngo-icon-17.png&#8221; icon_placement=&#8221;left&#8221; _builder_version=&#8221;4.16&#8243; _module_preset=&#8221;default&#8221; header_level=&#8221;h2&#8243; header_text_color=&#8221;#ef8451&#8243; background_color=&#8221;#FFFFFF&#8221; width=&#8221;72.6%&#8221; custom_padding=&#8221;10px||||false|false&#8221; border_radii=&#8221;on|20px|20px|20px|20px&#8221; border_radii_image=&#8221;on|20px|20px|20px|20px&#8221; global_colors_info=&#8221;{}&#8221;]<\/p>\n<h4>Dersim Gemeinde Westfalen e. V.<\/h4>\n<p>Beuthstr. 21<br \/>44147 Dortmund<br \/>Tel: 0176 27 27 0182<\/p>\n<p>[\/et_pb_blurb][et_pb_blurb title=&#8221;Westfalen&#8221; use_icon=&#8221;on&#8221; font_icon=&#8221;&#xe03c;||divi||400&#8243; icon_placement=&#8221;left&#8221; _builder_version=&#8221;4.20.2&#8243; _module_preset=&#8221;default&#8221; header_level=&#8221;h2&#8243; header_text_color=&#8221;#ef8451&#8243; background_color=&#8221;#FFFFFF&#8221; width=&#8221;72.6%&#8221; custom_padding=&#8221;10px||||false|false&#8221; link_option_url=&#8221;https:\/\/dersim-fdg.org\/tr\/dersim-westfalen&#8221; border_radii=&#8221;on|20px|20px|20px|20px&#8221; border_radii_image=&#8221;on|20px|20px|20px|20px&#8221; global_colors_info=&#8221;{}&#8221;]<\/p>\n<h3><span style=\"color: #00ccff;\">Ek Bilgiler<\/span><\/h3>\n<p>[\/et_pb_blurb][et_pb_blurb title=&#8221;Mannheim&#8221; image=&#8221;https:\/\/dersim-fdg.org\/wp-content\/uploads\/2021\/11\/ngo-icon-17.png&#8221; icon_placement=&#8221;left&#8221; _builder_version=&#8221;4.16&#8243; _module_preset=&#8221;default&#8221; header_level=&#8221;h2&#8243; header_text_color=&#8221;#ef8451&#8243; background_color=&#8221;#FFFFFF&#8221; width=&#8221;72.6%&#8221; custom_padding=&#8221;10px||||false|false&#8221; border_radii=&#8221;on|20px|20px|20px|20px&#8221; border_radii_image=&#8221;on|20px|20px|20px|20px&#8221; global_colors_info=&#8221;{}&#8221;]<\/p>\n<h4>Zaza Kulturhaus e.V. Mannheim \/<br \/>Bon\u00ea Kultur\u00ea Ma e.V<\/h4>\n<p>C\/o Ali Haydar Varul<br \/>Schwetzinger Str. 89<br \/>68124 Heidelberg<br \/>E- Mail: <a href=\"mailto:varuldiyar@hotmail.de\" target=\"_blank\" rel=\"noopener\">varuldiyar@hotmail.de<\/a><br \/>Tel: 0176 23 8022 80<a href=\"mailto:dgk@dersimweb.de\"><\/a><\/p>\n<p>[\/et_pb_blurb][et_pb_blurb title=&#8221;Mannheim&#8221; use_icon=&#8221;on&#8221; font_icon=&#8221;&#xe03c;||divi||400&#8243; icon_placement=&#8221;left&#8221; _builder_version=&#8221;4.20.2&#8243; _module_preset=&#8221;default&#8221; header_level=&#8221;h2&#8243; header_text_color=&#8221;#ef8451&#8243; background_color=&#8221;#FFFFFF&#8221; width=&#8221;72.6%&#8221; custom_padding=&#8221;10px||||false|false&#8221; link_option_url=&#8221;https:\/\/dersim-fdg.org\/tr\/dersim-rhein-nekar&#8221; border_radii=&#8221;on|20px|20px|20px|20px&#8221; border_radii_image=&#8221;on|20px|20px|20px|20px&#8221; global_colors_info=&#8221;{}&#8221;]<\/p>\n<h3><span style=\"color: #00ccff;\">Ek Bilgiler<\/span><\/h3>\n<p>[\/et_pb_blurb][\/et_pb_column][\/et_pb_row][\/et_pb_section][et_pb_section fb_built=&#8221;1&#8243; admin_label=&#8221;Footer&#8221; _builder_version=&#8221;4.13.1&#8243; _module_preset=&#8221;default&#8221; background_color=&#8221;#0f393b&#8221; custom_padding=&#8221;0vw||0vw||true|false&#8221; border_radii=&#8221;off|20px|20px||&#8221; global_module=&#8221;889&#8243; saved_tabs=&#8221;all&#8221; locked=&#8221;off&#8221; global_colors_info=&#8221;{}&#8221;][et_pb_row _builder_version=&#8221;4.16&#8243; _module_preset=&#8221;default&#8221; custom_padding=&#8221;104px|||||&#8221; global_colors_info=&#8221;{}&#8221;][et_pb_column type=&#8221;4_4&#8243; _builder_version=&#8221;4.16&#8243; _module_preset=&#8221;default&#8221; global_colors_info=&#8221;{}&#8221;][et_pb_text _builder_version=&#8221;4.16&#8243; _module_preset=&#8221;df96b77a-cd4f-44a8-a771-2d6347592b53&#8243; header_2_font=&#8221;DM Sans||||||||&#8221; header_2_text_align=&#8221;center&#8221; header_2_text_color=&#8221;#FFFFFF&#8221; header_2_font_size=&#8221;50px&#8221; header_2_letter_spacing=&#8221;-0.02em&#8221; header_2_line_height=&#8221;1.15em&#8221; max_width=&#8221;960px&#8221; module_alignment=&#8221;center&#8221; header_2_text_align_tablet=&#8221;left&#8221; header_2_text_align_phone=&#8221;&#8221; header_2_text_align_last_edited=&#8221;on|phone&#8221; header_2_font_size_tablet=&#8221;32px&#8221; header_2_font_size_phone=&#8221;20px&#8221; header_2_font_size_last_edited=&#8221;on|desktop&#8221; locked=&#8221;off&#8221; global_colors_info=&#8221;{}&#8221;]<\/p>\n<h2>FDG<\/h2>\n<p>[\/et_pb_text][et_pb_text _builder_version=&#8221;4.16&#8243; _module_preset=&#8221;default&#8221; text_font=&#8221;Open Sans|600|||||||&#8221; text_text_color=&#8221;#FFFFFF&#8221; text_font_size=&#8221;14px&#8221; text_orientation=&#8221;center&#8221; background_layout=&#8221;dark&#8221; custom_margin=&#8221;||0px|||&#8221; custom_padding=&#8221;||1px|||&#8221; global_colors_info=&#8221;{}&#8221;]<\/p>\n<h3>Daha iyi bir \u00e7eviriniz var m\u0131?<\/h3>\n<p>Siteyi Almanca, T\u00fcrk\u00e7e, \u0130ngilizce ve zaza sa\u011flamam\u0131za yard\u0131mc\u0131 olun. \u0130yile\u015ftirme \u00f6nerilerinizi i\u00e7eren bir e-posta yaz\u0131n.<\/p>\n<p>[\/et_pb_text][et_pb_button button_text=&#8221;Temas&#8221; button_alignment=&#8221;center&#8221; _builder_version=&#8221;4.16&#8243; _module_preset=&#8221;6414ef9f-e386-4555-a7b7-4544a239078b&#8221; custom_button=&#8221;on&#8221; button_text_size=&#8221;14px&#8221; button_text_color=&#8221;#ef8451&#8243; button_border_width=&#8221;1px&#8221; button_border_color=&#8221;#ef8451&#8243; button_border_radius=&#8221;37px&#8221; button_letter_spacing=&#8221;1px&#8221; button_font=&#8221;DM Sans|700||on|||||&#8221; custom_margin=&#8221;40px||40px||true|false&#8221; custom_padding=&#8221;15px|24px|12px|24px|false|true&#8221; locked=&#8221;off&#8221; global_colors_info=&#8221;{}&#8221; button_text_color__hover_enabled=&#8221;on|hover&#8221; button_text_color__hover=&#8221;#FFFFFF&#8221; button_bg_color__hover_enabled=&#8221;on|hover&#8221; button_bg_color__hover=&#8221;#ef8451&#8243; button_bg_enable_color__hover=&#8221;on&#8221;][\/et_pb_button][\/et_pb_column][\/et_pb_row][\/et_pb_section]<\/p>\n","protected":false},"excerpt":{"rendered":"<p>Avrupa Dersim Belediyeler FederasyonuFDG 2006 y\u0131l\u0131nda Almanya ve di\u011fer baz\u0131 Avrupa \u00fclkelerinde \u00e7e\u015fitli dernekler g\u00fc\u00e7lerini birle\u015ftirerek Avrupa Dersim Belediyeleri Federasyonu&#8217;nu (FDG) kurdular. Bu federasyonun amac\u0131 ayn\u0131 zamanda bu derneklerin k\u00fclt\u00fcrel faaliyetlerini ve Dersim halk\u0131n\u0131n Avrupa&#8217;ya entegrasyonunu te\u015fvik etmek ve Dersim ile dayan\u0131\u015fma \u00e7al\u0131\u015fmalar\u0131n\u0131 koordine etmektir. Temalar Dersimlilerin do\u011fas\u0131, k\u00fclt\u00fcr\u00fc ve an\u0131lar\u0131d\u0131r. Biz Dersimer kul\u00fcplerinin Avrupa&#8217;daki [&hellip;]<\/p>\n","protected":false},"author":1,"featured_media":0,"parent":0,"menu_order":0,"comment_status":"closed","ping_status":"closed","template":"","meta":{"_et_pb_use_builder":"on","_et_pb_old_content":"","_et_gb_content_width":"","footnotes":""},"class_list":["post-1049","page","type-page","status-publish","hentry"],"_links":{"self":[{"href":"https:\/\/dersim-fdg.org\/tr\/wp-json\/wp\/v2\/pages\/1049","targetHints":{"allow":["GET"]}}],"collection":[{"href":"https:\/\/dersim-fdg.org\/tr\/wp-json\/wp\/v2\/pages"}],"about":[{"href":"https:\/\/dersim-fdg.org\/tr\/wp-json\/wp\/v2\/types\/page"}],"author":[{"embeddable":true,"href":"https:\/\/dersim-fdg.org\/tr\/wp-json\/wp\/v2\/users\/1"}],"replies":[{"embeddable":true,"href":"https:\/\/dersim-fdg.org\/tr\/wp-json\/wp\/v2\/comments?post=1049"}],"version-history":[{"count":0,"href":"https:\/\/dersim-fdg.org\/tr\/wp-json\/wp\/v2\/pages\/1049\/revisions"}],"wp:attachment":[{"href":"https:\/\/dersim-fdg.org\/tr\/wp-json\/wp\/v2\/media?parent=1049"}],"curies":[{"name":"wp","href":"https:\/\/api.w.org\/{rel}","templated":true}]}}