{"id":5062,"date":"2023-07-17T11:22:46","date_gmt":"2023-07-17T11:22:46","guid":{"rendered":"https:\/\/dersim-fdg.org\/dersim-koeln"},"modified":"2025-05-30T23:58:52","modified_gmt":"2025-05-30T23:58:52","slug":"dersim-koeln","status":"publish","type":"page","link":"https:\/\/dersim-fdg.org\/tr\/dersim-koeln","title":{"rendered":"Dersim K\u00f6ln"},"content":{"rendered":"<p>[et_pb_section fb_built=&#8221;1&#8243; admin_label=&#8221;Header&#8221; _builder_version=&#8221;4.16&#8243; _module_preset=&#8221;default&#8221; background_color=&#8221;#f5f3ee&#8221; global_colors_info=&#8221;{}&#8221;][et_pb_row column_structure=&#8221;1_2,1_2&#8243; _builder_version=&#8221;4.16&#8243; _module_preset=&#8221;default&#8221; locked=&#8221;off&#8221; global_colors_info=&#8221;{}&#8221;][et_pb_column type=&#8221;1_2&#8243; _builder_version=&#8221;4.16&#8243; _module_preset=&#8221;default&#8221; global_colors_info=&#8221;{}&#8221;][et_pb_text _builder_version=&#8221;4.20.2&#8243; _module_preset=&#8221;534cc526-6274-4e31-9e1a-7f18a5947bf1&#8243; header_4_text_color=&#8221;#EF8451&#8243; header_4_font_size=&#8221;14px&#8221; header_4_letter_spacing=&#8221;1px&#8221; header_4_line_height=&#8221;1.5em&#8221; custom_margin=&#8221;||0px||false|false&#8221; custom_padding=&#8221;||2px|||&#8221; header_4_font_size_tablet=&#8221;14px&#8221; header_4_font_size_phone=&#8221;&#8221; header_4_font_size_last_edited=&#8221;on|tablet&#8221; locked=&#8221;off&#8221; global_colors_info=&#8221;{}&#8221;]<\/p>\n<h4>K\u00f6ln<\/h4>\n<p>[\/et_pb_text][et_pb_text _builder_version=&#8221;4.20.2&#8243; _module_preset=&#8221;df96b77a-cd4f-44a8-a771-2d6347592b53&#8243; header_2_text_color=&#8221;#093532&#8243; header_2_font_size=&#8221;50px&#8221; header_2_letter_spacing=&#8221;-0.02em&#8221; header_2_line_height=&#8221;1.15em&#8221; header_2_font_size_tablet=&#8221;32px&#8221; header_2_font_size_phone=&#8221;20px&#8221; header_2_font_size_last_edited=&#8221;on|desktop&#8221; locked=&#8221;off&#8221; global_colors_info=&#8221;{}&#8221;]<\/p>\n<h2>Dersim Gemeinde K\u00f6ln e.V.<\/h2>\n<p>[\/et_pb_text][\/et_pb_column][et_pb_column type=&#8221;1_2&#8243; _builder_version=&#8221;4.16&#8243; _module_preset=&#8221;default&#8221; global_colors_info=&#8221;{}&#8221;][et_pb_image src=&#8221;https:\/\/dersim-fdg.org\/wp-content\/uploads\/2023\/07\/cropped-dersim_logo5.png&#8221; title_text=&#8221;K\u0131rp\u0131lm\u0131\u015f dersim_logo5&#8243; _builder_version=&#8221;4.20.2&#8243; _module_preset=&#8221;default&#8221; locked=&#8221;off&#8221; global_colors_info=&#8221;{}&#8221;][\/et_pb_image][\/et_pb_column][\/et_pb_row][et_pb_row _builder_version=&#8221;4.20.2&#8243; _module_preset=&#8221;default&#8221; global_colors_info=&#8221;{}&#8221;][et_pb_column type=&#8221;4_4&#8243; _builder_version=&#8221;4.20.2&#8243; _module_preset=&#8221;default&#8221; global_colors_info=&#8221;{}&#8221;][et_pb_text _builder_version=&#8221;4.20.2&#8243; _module_preset=&#8221;default&#8221; global_colors_info=&#8221;{}&#8221;]Dersim b\u00f6lgesi, Do\u011fu Anadolu \u201cda, bug\u00fcnk\u00fc T\u00fcrkiye Cumhuriyeti s\u0131n\u0131rlar\u0131 i\u00e7inde yer al\u0131r ve Tunceli \u015fehirleri ile Bing\u00f6l, Sivas, Elaz\u0131\u011f ve Erzincan\u201d \u0131n baz\u0131 k\u0131s\u0131mlar\u0131n\u0131 i\u00e7erir.<\/p>\n<p>1937&#8217;ye kadar, s\u00f6m\u00fcrgeci g\u00fc\u00e7ler &#8211; hem Osmanl\u0131 \u0130mparatorlu\u011fu hem de T\u00fcrkiye Cumhuriyeti &#8211; bu b\u00f6lgede bir yer edinemedi veya \u00f6nemli bir \u015fekilde n\u00fcfuz edemedi. Dersim her zaman bask\u0131ya ve yabanc\u0131 y\u00f6netimine kar\u015f\u0131 direni\u015fin kalesi olmu\u015ftu. 1937-1938 y\u0131llar\u0131nda Dersim n\u00fcfusu, \u00e7ocuk, kad\u0131n ve ya\u015fl\u0131lar da dahil olmak \u00fczere 70.000 Dersim sakininin \u00f6ld\u00fcr\u00fcld\u00fc\u011f\u00fc ve hayatta kalanlar\u0131n zorla s\u00fcrg\u00fcn edildi\u011fi soyk\u0131r\u0131m\u0131 ya\u015fad\u0131. <\/p>\n<p>Dersim renkli bir k\u00fclt\u00fcrler mozai\u011fidir. B\u00f6lgede Zazaca \u201cn\u0131n yan\u0131 s\u0131ra hem K\u00fcrt\u00e7e hem de T\u00fcrk\u00e7e konu\u015fulmaktad\u0131r. Mazdaizm ve Zerd\u00fc\u015ftl\u00fc\u011f\u00fcn izlerini Hristiyanl\u0131k ve \u0130slamiyet\u201d e ta\u015f\u0131yan eski bir \u0130ran inanc\u0131 vard\u0131r. <\/p>\n<p>Tahminlere g\u00f6re, Almanya&#8217;da \u00fc\u00e7 y\u00fcz bin kadar Dersimer ya\u015f\u0131yor ve bunlar\u0131n on bin kadar\u0131 K\u00f6ln ve \u00e7evresinde ya\u015f\u0131yor. Dersim Gemeinde K\u00f6ln e.V., May\u0131s 1995&#8217;te Almanya&#8217;daki Dersim g\u00f6\u00e7menlerinin k\u00fclt\u00fcr\u00fcn\u00fc, dilini ve tarihini tan\u0131tmak amac\u0131yla kuruldu ve K\u00f6ln Belediyesi Sosyal Komitesi taraf\u0131ndan bir yabanc\u0131lar merkezi ve vergi dairesi taraf\u0131ndan kar amac\u0131 g\u00fctmeyen bir dernek olarak tan\u0131nd\u0131. <\/p>\n<p>Faaliyetlerimiz, Dersim g\u00f6\u00e7menleri ile Almanlar ve di\u011fer g\u00f6\u00e7menler aras\u0131ndaki diyalo\u011fa ve k\u00fclt\u00fcrel arabuluculu\u011fa hizmet ediyor.<\/p>\n<p>\u201cDersim Gemeinde K\u00f6ln e.V.\u201d (DGK) 1995 y\u0131l\u0131nda kurulmu\u015ftur<br \/>\nve \u201cFederation of Dersim Communities in Europe e.V.\u201d \u00fcyesidir. (FDG).[\/et_pb_text][\/et_pb_column][\/et_pb_row][et_pb_row column_structure=&#8221;1_2,1_2&#8243; _builder_version=&#8221;4.20.2&#8243; _module_preset=&#8221;default&#8221; global_colors_info=&#8221;{}&#8221;][et_pb_column type=&#8221;1_2&#8243; _builder_version=&#8221;4.20.2&#8243; _module_preset=&#8221;default&#8221; global_colors_info=&#8221;{}&#8221;][et_pb_image src=&#8221;https:\/\/dersim-fdg.org\/wp-content\/uploads\/2023\/07\/KinderFest13.jpg&#8221; title_text=&#8221;KinderFest13&#8243; show_in_lightbox=&#8221;on&#8221; _builder_version=&#8221;4.20.2&#8243; _module_preset=&#8221;default&#8221; global_colors_info=&#8221;{}&#8221;][\/et_pb_image][\/et_pb_column][et_pb_column type=&#8221;1_2&#8243; _builder_version=&#8221;4.20.2&#8243; _module_preset=&#8221;default&#8221; global_colors_info=&#8221;{}&#8221;][et_pb_image src=&#8221;https:\/\/dersim-fdg.org\/wp-content\/uploads\/2023\/07\/DersimKeineStaudaemme.jpg&#8221; title_text=&#8221;DersimNodam Barajlar\u0131&#8221; show_in_lightbox=&#8221;on&#8221; _builder_version=&#8221;4.20.2&#8243; _module_preset=&#8221;default&#8221; global_colors_info=&#8221;{}&#8221;][\/et_pb_image][\/et_pb_column][\/et_pb_row][et_pb_row _builder_version=&#8221;4.16&#8243; _module_preset=&#8221;default&#8221; locked=&#8221;off&#8221; global_colors_info=&#8221;{}&#8221;][et_pb_column type=&#8221;4_4&#8243; _builder_version=&#8221;4.16&#8243; _module_preset=&#8221;default&#8221; global_colors_info=&#8221;{}&#8221;][et_pb_text _builder_version=&#8221;4.20.2&#8243; _module_preset=&#8221;default&#8221; text_text_color=&#8221;RGBA(0,0,0,0)&#8221; header_2_text_color=&#8221;#ef8451&#8243; custom_margin=&#8221;||-1px|||&#8221; custom_padding=&#8221;||37px|||&#8221; global_colors_info=&#8221;{}&#8221;]<\/p>\n<h2>Unser Verein<\/h2>\n<p>[\/et_pb_text][et_pb_blurb title=&#8221;K\u00f6ln&#8221; image=&#8221;https:\/\/dersim-fdg.org\/wp-content\/uploads\/2021\/11\/ngo-icon-17.png&#8221; icon_placement=&#8221;left&#8221; _builder_version=&#8221;4.16&#8243; _module_preset=&#8221;default&#8221; header_level=&#8221;h2&#8243; header_text_color=&#8221;#ef8451&#8243; background_color=&#8221;#FFFFFF&#8221; width=&#8221;72.6%&#8221; custom_padding=&#8221;10px||||false|false&#8221; border_radii=&#8221;on|20px|20px|20px|20px&#8221; border_radii_image=&#8221;on|20px|20px|20px|20px&#8221; locked=&#8221;off&#8221; global_colors_info=&#8221;{}&#8221;]<\/p>\n<h4>Dersim Gemeinde K\u00f6ln e.V.<\/h4>\n<p>Bleichstr. 1<br \/>51063 K\u00f6ln<br \/>E-posta: <a href=\"mailto:dgk@dersimweb.de\">dgk@dersimweb.de<\/a><br \/>Web:<a href=\"http:\/\/dersimweb.de\" target=\"_blank\" rel=\"noopener\"> dersimweb.de<\/a><\/p>\n<p>[\/et_pb_blurb][\/et_pb_column][\/et_pb_row][\/et_pb_section][et_pb_section fb_built=&#8221;1&#8243; admin_label=&#8221;Footer&#8221; _builder_version=&#8221;4.13.1&#8243; _module_preset=&#8221;default&#8221; background_color=&#8221;#0f393b&#8221; custom_padding=&#8221;0vw||0vw||true|false&#8221; border_radii=&#8221;off|20px|20px||&#8221; global_module=&#8221;889&#8243; saved_tabs=&#8221;all&#8221; locked=&#8221;off&#8221; global_colors_info=&#8221;{}&#8221;][et_pb_row _builder_version=&#8221;4.16&#8243; _module_preset=&#8221;default&#8221; custom_padding=&#8221;104px|||||&#8221; global_colors_info=&#8221;{}&#8221;][et_pb_column type=&#8221;4_4&#8243; _builder_version=&#8221;4.16&#8243; _module_preset=&#8221;default&#8221; global_colors_info=&#8221;{}&#8221;][et_pb_text _builder_version=&#8221;4.16&#8243; _module_preset=&#8221;df96b77a-cd4f-44a8-a771-2d6347592b53&#8243; header_2_font=&#8221;DM Sans||||||||&#8221; header_2_text_align=&#8221;center&#8221; header_2_text_color=&#8221;#FFFFFF&#8221; header_2_font_size=&#8221;50px&#8221; header_2_letter_spacing=&#8221;-0.02em&#8221; header_2_line_height=&#8221;1.15em&#8221; max_width=&#8221;960px&#8221; module_alignment=&#8221;center&#8221; header_2_text_align_tablet=&#8221;left&#8221; header_2_text_align_phone=&#8221;&#8221; header_2_text_align_last_edited=&#8221;on|phone&#8221; header_2_font_size_tablet=&#8221;32px&#8221; header_2_font_size_phone=&#8221;20px&#8221; header_2_font_size_last_edited=&#8221;on|desktop&#8221; locked=&#8221;off&#8221; global_colors_info=&#8221;{}&#8221;]<\/p>\n<h2>FDG<\/h2>\n<p>[\/et_pb_text][et_pb_text _builder_version=&#8221;4.16&#8243; _module_preset=&#8221;default&#8221; text_font=&#8221;Open Sans|600|||||||&#8221; text_text_color=&#8221;#FFFFFF&#8221; text_font_size=&#8221;14px&#8221; text_orientation=&#8221;center&#8221; background_layout=&#8221;dark&#8221; custom_margin=&#8221;||0px|||&#8221; custom_padding=&#8221;||1px|||&#8221; global_colors_info=&#8221;{}&#8221;]<\/p>\n<h3>Daha iyi bir \u00e7eviriniz var m\u0131?<\/h3>\n<p>Siteyi Almanca, T\u00fcrk\u00e7e, \u0130ngilizce ve zaza sa\u011flamam\u0131za yard\u0131mc\u0131 olun. \u0130yile\u015ftirme \u00f6nerilerinizi i\u00e7eren bir e-posta yaz\u0131n. <\/p>\n<p>[\/et_pb_text][\/et_pb_column][\/et_pb_row][\/et_pb_section][et_pb_section fb_built=&#8221;1&#8243; _builder_version=&#8221;4.16&#8243; _module_preset=&#8221;default&#8221; background_color=&#8221;#000000&#8243; custom_padding=&#8221;3px||0px|||&#8221; global_colors_info=&#8221;{}&#8221;][et_pb_row column_structure=&#8221;1_5,1_5,1_5,1_5,1_5&#8243; _builder_version=&#8221;4.16&#8243; _module_preset=&#8221;default&#8221; global_colors_info=&#8221;{}&#8221;][et_pb_column type=&#8221;1_5&#8243; _builder_version=&#8221;4.16&#8243; _module_preset=&#8221;default&#8221; global_colors_info=&#8221;{}&#8221;][et_pb_button button_url=&#8221;https:\/\/dersim-fdg.org\/tr\/temas&#8221; button_text=&#8221;Temas&#8221; _builder_version=&#8221;4.16&#8243; _module_preset=&#8221;6414ef9f-e386-4555-a7b7-4544a239078b&#8221; custom_button=&#8221;on&#8221; button_text_size=&#8221;14px&#8221; button_text_color=&#8221;#ef8451&#8243; button_border_width=&#8221;0px&#8221; button_border_color=&#8221;#ef8451&#8243; button_border_radius=&#8221;0px&#8221; button_letter_spacing=&#8221;1px&#8221; button_font=&#8221;Open Sans|700||on|||||&#8221; button_use_icon=&#8221;off&#8221; custom_padding=&#8221;15px|24px|12px|24px|false|true&#8221; locked=&#8221;off&#8221; global_colors_info=&#8221;{}&#8221; button_text_color__hover_enabled=&#8221;on|hover&#8221; button_text_color__hover=&#8221;#FFFFFF&#8221; button_bg_color__hover_enabled=&#8221;on|hover&#8221; button_bg_color__hover=&#8221;#ef8451&#8243; button_bg_enable_color__hover=&#8221;on&#8221;][\/et_pb_button][\/et_pb_column][et_pb_column type=&#8221;1_5&#8243; _builder_version=&#8221;4.16&#8243; _module_preset=&#8221;default&#8221; global_colors_info=&#8221;{}&#8221;][et_pb_button button_url=&#8221;https:\/\/www.facebook.com\/FDG.Resmi.sayfasi\/&#8221; url_new_window=&#8221;on&#8221; button_text=&#8221;Facebook&#8221; _builder_version=&#8221;4.16&#8243; _module_preset=&#8221;6414ef9f-e386-4555-a7b7-4544a239078b&#8221; custom_button=&#8221;on&#8221; button_text_size=&#8221;14px&#8221; button_text_color=&#8221;#ef8451&#8243; button_border_width=&#8221;0px&#8221; button_border_color=&#8221;#ef8451&#8243; button_border_radius=&#8221;0px&#8221; button_letter_spacing=&#8221;1px&#8221; button_font=&#8221;Open Sans|700||on|||||&#8221; button_use_icon=&#8221;off&#8221; custom_padding=&#8221;15px|24px|12px|24px|false|true&#8221; locked=&#8221;off&#8221; global_colors_info=&#8221;{}&#8221; button_text_color__hover_enabled=&#8221;on|hover&#8221; button_text_color__hover=&#8221;#FFFFFF&#8221; button_bg_color__hover_enabled=&#8221;on|hover&#8221; button_bg_color__hover=&#8221;#ef8451&#8243; button_bg_enable_color__hover=&#8221;on&#8221;][\/et_pb_button][\/et_pb_column][et_pb_column type=&#8221;1_5&#8243; _builder_version=&#8221;4.16&#8243; _module_preset=&#8221;default&#8221; global_colors_info=&#8221;{}&#8221;][et_pb_image src=&#8221;https:\/\/dersim-fdg.org\/wp-content\/uploads\/2021\/11\/cropped-logo-fdg-2018-klein-1-300&#215;300.png&#8221; title_text=&#8221;cropped-logo-fdg-2018-klein-1.png&#8221; align=&#8221;center&#8221; _builder_version=&#8221;4.16&#8243; _module_preset=&#8221;default&#8221; width=&#8221;65%&#8221; global_colors_info=&#8221;{}&#8221;][\/et_pb_image][\/et_pb_column][et_pb_column type=&#8221;1_5&#8243; _builder_version=&#8221;4.16&#8243; _module_preset=&#8221;default&#8221; global_colors_info=&#8221;{}&#8221;][et_pb_button button_url=&#8221;https:\/\/dersim-fdg.org\/impressum&#8221; button_text=&#8221;Impressum&#8221; _builder_version=&#8221;4.16&#8243; _module_preset=&#8221;6414ef9f-e386-4555-a7b7-4544a239078b&#8221; custom_button=&#8221;on&#8221; button_text_size=&#8221;14px&#8221; button_text_color=&#8221;#ef8451&#8243; button_border_width=&#8221;0px&#8221; button_border_color=&#8221;#ef8451&#8243; button_border_radius=&#8221;0px&#8221; button_letter_spacing=&#8221;1px&#8221; button_font=&#8221;Open Sans|700||on|||||&#8221; button_use_icon=&#8221;off&#8221; custom_padding=&#8221;15px|24px|12px|24px|false|true&#8221; locked=&#8221;off&#8221; global_colors_info=&#8221;{}&#8221; button_text_color__hover_enabled=&#8221;on|hover&#8221; button_text_color__hover=&#8221;#FFFFFF&#8221; button_bg_color__hover_enabled=&#8221;on|hover&#8221; button_bg_color__hover=&#8221;#ef8451&#8243; button_bg_enable_color__hover=&#8221;on&#8221;][\/et_pb_button][\/et_pb_column][et_pb_column type=&#8221;1_5&#8243; _builder_version=&#8221;4.16&#8243; _module_preset=&#8221;default&#8221; global_colors_info=&#8221;{}&#8221;][et_pb_button button_url=&#8221;https:\/\/dersim-fdg.org\/datenschutz&#8221; button_text=&#8221;Datenschutz&#8221; _builder_version=&#8221;4.16&#8243; _module_preset=&#8221;6414ef9f-e386-4555-a7b7-4544a239078b&#8221; custom_button=&#8221;on&#8221; button_text_size=&#8221;14px&#8221; button_text_color=&#8221;#ef8451&#8243; button_border_width=&#8221;0px&#8221; button_border_color=&#8221;#ef8451&#8243; button_border_radius=&#8221;0px&#8221; button_letter_spacing=&#8221;1px&#8221; button_font=&#8221;Open Sans|700||on|||||&#8221; button_use_icon=&#8221;off&#8221; custom_padding=&#8221;15px|24px|12px|24px|false|true&#8221; locked=&#8221;off&#8221; global_colors_info=&#8221;{}&#8221; button_text_color__hover_enabled=&#8221;on|hover&#8221; button_text_color__hover=&#8221;#FFFFFF&#8221; button_bg_color__hover_enabled=&#8221;on|hover&#8221; button_bg_color__hover=&#8221;#ef8451&#8243; button_bg_enable_color__hover=&#8221;on&#8221;][\/et_pb_button][\/et_pb_column][\/et_pb_row][\/et_pb_section]<\/p>\n","protected":false},"excerpt":{"rendered":"<p>K\u00f6lnDersim Gemeinde K\u00f6ln e.V.Dersim b\u00f6lgesi, Do\u011fu Anadolu \u201cda, bug\u00fcnk\u00fc T\u00fcrkiye Cumhuriyeti s\u0131n\u0131rlar\u0131 i\u00e7inde yer al\u0131r ve Tunceli \u015fehirleri ile Bing\u00f6l, Sivas, Elaz\u0131\u011f ve Erzincan\u201d \u0131n baz\u0131 k\u0131s\u0131mlar\u0131n\u0131 i\u00e7erir. 1937&#8217;ye kadar, s\u00f6m\u00fcrgeci g\u00fc\u00e7ler &#8211; hem Osmanl\u0131 \u0130mparatorlu\u011fu hem de T\u00fcrkiye Cumhuriyeti &#8211; bu b\u00f6lgede bir yer edinemedi veya \u00f6nemli bir \u015fekilde n\u00fcfuz edemedi. Dersim her zaman [&hellip;]<\/p>\n","protected":false},"author":1,"featured_media":0,"parent":0,"menu_order":0,"comment_status":"closed","ping_status":"closed","template":"","meta":{"_et_pb_use_builder":"on","_et_pb_old_content":"","_et_gb_content_width":"","footnotes":""},"class_list":["post-5062","page","type-page","status-publish","hentry"],"_links":{"self":[{"href":"https:\/\/dersim-fdg.org\/tr\/wp-json\/wp\/v2\/pages\/5062","targetHints":{"allow":["GET"]}}],"collection":[{"href":"https:\/\/dersim-fdg.org\/tr\/wp-json\/wp\/v2\/pages"}],"about":[{"href":"https:\/\/dersim-fdg.org\/tr\/wp-json\/wp\/v2\/types\/page"}],"author":[{"embeddable":true,"href":"https:\/\/dersim-fdg.org\/tr\/wp-json\/wp\/v2\/users\/1"}],"replies":[{"embeddable":true,"href":"https:\/\/dersim-fdg.org\/tr\/wp-json\/wp\/v2\/comments?post=5062"}],"version-history":[{"count":0,"href":"https:\/\/dersim-fdg.org\/tr\/wp-json\/wp\/v2\/pages\/5062\/revisions"}],"wp:attachment":[{"href":"https:\/\/dersim-fdg.org\/tr\/wp-json\/wp\/v2\/media?parent=5062"}],"curies":[{"name":"wp","href":"https:\/\/api.w.org\/{rel}","templated":true}]}}