{"id":6769,"date":"2025-05-04T03:45:31","date_gmt":"2025-05-04T03:45:31","guid":{"rendered":"https:\/\/dersim-fdg.org\/aktiviteler-2019-2021"},"modified":"2025-05-28T02:54:00","modified_gmt":"2025-05-28T02:54:00","slug":"aktiviteler-2019-2021","status":"publish","type":"page","link":"https:\/\/dersim-fdg.org\/tr\/aktiviteler-2019-2021","title":{"rendered":"Aktiviteler 2019-2021"},"content":{"rendered":"<p>[et_pb_section fb_built=&#8221;1&#8243; _builder_version=&#8221;4.27.4&#8243; _module_preset=&#8221;default&#8221; global_colors_info=&#8221;{}&#8221; custom_padding=&#8221;4px|||||&#8221;][et_pb_row column_structure=&#8221;2_5,3_5&#8243; _builder_version=&#8221;4.20.2&#8243; _module_preset=&#8221;default&#8221; locked=&#8221;off&#8221; global_colors_info=&#8221;{}&#8221;][et_pb_column type=&#8221;2_5&#8243; _builder_version=&#8221;4.20.2&#8243; _module_preset=&#8221;default&#8221; global_colors_info=&#8221;{}&#8221;][et_pb_image src=&#8221;https:\/\/dersim-fdg.org\/wp-content\/uploads\/2024\/06\/logo-fdg.png&#8221; title_text=&#8221;Logo-FDG&#8221; _builder_version=&#8221;4.25.2&#8243; _module_preset=&#8221;default&#8221; width=&#8221;47%&#8221; global_colors_info=&#8221;{}&#8221;][\/et_pb_image][et_pb_button _builder_version=&#8221;4.27.4&#8243; _module_preset=&#8221;default&#8221; custom_button=&#8221;on&#8221; button_text_size=&#8221;18px&#8221; button_text_color=&#8221;#212121&#8243; button_bg_color=&#8221;#e09900&#8243; button_border_width=&#8221;2px&#8221; button_border_color=&#8221;#e09900&#8243; button_border_radius=&#8221;9px&#8221; button_letter_spacing=&#8221;3px&#8221; custom_margin=&#8221;||16px|||&#8221; hover_enabled=&#8221;0&#8243; custom_css_main_element=&#8221; width: 350px;&#8221; global_module=&#8221;6656&#8243; saved_tabs=&#8221;all&#8221; locked=&#8221;off&#8221; global_colors_info=&#8221;{}&#8221; sticky_enabled=&#8221;0&#8243; button_url=&#8221;https:\/\/dersim-fdg.org\/tr\/aktiviteler-2&#8243; button_text=&#8221;Aktiviteler&#8221;][\/et_pb_button][et_pb_button button_url=&#8221;https:\/\/dersim-fdg.org\/tr\/aktiviteler-2022&#8243; button_text=&#8221;Aktiviteler 2022&#8243; _builder_version=&#8221;4.27.4&#8243; _module_preset=&#8221;default&#8221; custom_button=&#8221;on&#8221; button_text_size=&#8221;18px&#8221; button_text_color=&#8221;#212121&#8243; button_bg_color=&#8221;#e09900&#8243; button_border_width=&#8221;2px&#8221; button_border_color=&#8221;#e09900&#8243; button_border_radius=&#8221;9px&#8221; button_letter_spacing=&#8221;3px&#8221; custom_margin=&#8221;||16px|||&#8221; hover_enabled=&#8221;0&#8243; custom_css_main_element=&#8221; width: 350px;&#8221; global_module=&#8221;6656&#8243; saved_tabs=&#8221;all&#8221; locked=&#8221;off&#8221; global_colors_info=&#8221;{}&#8221; sticky_enabled=&#8221;0&#8243;][\/et_pb_button][et_pb_button _builder_version=&#8221;4.27.4&#8243; _module_preset=&#8221;default&#8221; custom_button=&#8221;on&#8221; button_text_size=&#8221;18px&#8221; button_text_color=&#8221;#212121&#8243; button_bg_color=&#8221;#e09900&#8243; button_border_width=&#8221;2px&#8221; button_border_color=&#8221;#e09900&#8243; button_border_radius=&#8221;9px&#8221; button_letter_spacing=&#8221;3px&#8221; custom_margin=&#8221;||16px|||&#8221; hover_enabled=&#8221;0&#8243; custom_css_main_element=&#8221; width: 350px;&#8221; global_module=&#8221;6656&#8243; saved_tabs=&#8221;all&#8221; locked=&#8221;off&#8221; global_colors_info=&#8221;{}&#8221; sticky_enabled=&#8221;0&#8243; button_url=&#8221;https:\/\/dersim-fdg.org\/tr\/aktiviteler-2016-2019&#8243; button_text=&#8221;Aktiviteler 2016-2019&#8243;][\/et_pb_button][et_pb_button _builder_version=&#8221;4.27.4&#8243; _module_preset=&#8221;default&#8221; custom_button=&#8221;on&#8221; button_text_size=&#8221;18px&#8221; button_text_color=&#8221;#212121&#8243; button_bg_color=&#8221;#e09900&#8243; button_border_width=&#8221;2px&#8221; button_border_color=&#8221;#e09900&#8243; button_border_radius=&#8221;9px&#8221; button_letter_spacing=&#8221;3px&#8221; custom_margin=&#8221;||16px|||&#8221; hover_enabled=&#8221;0&#8243; custom_css_main_element=&#8221; width: 350px;&#8221; global_module=&#8221;6656&#8243; saved_tabs=&#8221;all&#8221; locked=&#8221;off&#8221; global_colors_info=&#8221;{}&#8221; sticky_enabled=&#8221;0&#8243; button_url=&#8221;https:\/\/dersim-fdg.org\/tr\/aktiviteler-2006-2015&#8243; button_text=&#8221;Aktiviteler 2006-2015&#8243;][\/et_pb_button][\/et_pb_column][et_pb_column type=&#8221;3_5&#8243; _builder_version=&#8221;4.20.2&#8243; _module_preset=&#8221;default&#8221; global_colors_info=&#8221;{}&#8221;][et_pb_blurb title=&#8221;Ge\u00e7mi\u015f olaylar\u0131n se\u00e7imi&#8221; _builder_version=&#8221;4.27.4&#8243; _module_preset=&#8221;dab8ae77-843d-4934-a7b3-8e57f832b52c&#8221; header_font=&#8221;Open Sans|700|||||||&#8221; header_text_color=&#8221;#0F393B&#8221; header_font_size=&#8221;27px&#8221; body_font=&#8221;DM Sans|700||on|||||&#8221; body_text_color=&#8221;#EF8451&#8243; body_letter_spacing=&#8221;1px&#8221; background_color=&#8221;#f4b729&#8243; text_orientation=&#8221;center&#8221; custom_padding=&#8221;40px|20px|40px|20px|true|true&#8221; border_radii=&#8221;on|20px|20px|20px|20px&#8221; global_colors_info=&#8221;{}&#8221;]<\/p>\n<h3>Plakate und Facebookmitteilungen<\/h3>\n<p>&nbsp;<\/p>\n<p>&nbsp;<\/p>\n<h2><strong>Aktiviteler 2019-2021<\/strong><\/h2>\n<p>[\/et_pb_blurb][\/et_pb_column][\/et_pb_row][et_pb_row _builder_version=&#8221;4.20.2&#8243; _module_preset=&#8221;default&#8221; locked=&#8221;off&#8221; global_colors_info=&#8221;{}&#8221;][et_pb_column type=&#8221;4_4&#8243; _builder_version=&#8221;4.20.2&#8243; _module_preset=&#8221;default&#8221; global_colors_info=&#8221;{}&#8221;][et_pb_text _builder_version=&#8221;4.27.4&#8243; _module_preset=&#8221;default&#8221; text_font=&#8221;|600||||||#000000|&#8221; text_font_size=&#8221;42px&#8221; text_letter_spacing=&#8221;1px&#8221; text_line_height=&#8221;1.5em&#8221; header_font=&#8221;|800||on|||||&#8221; header_letter_spacing=&#8221;32px&#8221; header_line_height=&#8221;1.6em&#8221; background_color=&#8221;rgba(244,183,41,0.67)&#8221; min_height=&#8221;100px&#8221; custom_margin=&#8221;||||false|false&#8221; custom_padding=&#8221;||4px|||&#8221; header_text_shadow_style=&#8221;preset1&#8243; header_text_shadow_vertical_length=&#8221;-0.78em&#8221; header_text_shadow_blur_strength=&#8221;0.61em&#8221; border_radii=&#8221;on|10px|10px|10px|10px&#8221; global_module=&#8221;4954&#8243; saved_tabs=&#8221;all&#8221; locked=&#8221;off&#8221; global_colors_info=&#8221;{}&#8221;]<\/p>\n<p>2021 Aktiviteler<\/p>\n<p>[\/et_pb_text][et_pb_gallery gallery_ids=&#8221;5521,4076,4084,4088,4092,4096,4100,4104,4108,4112,4116,5571&#8243; posts_number=&#8221;40&#8243; orientation=&#8221;portrait&#8221; show_title_and_caption=&#8221;off&#8221; _builder_version=&#8221;4.20.2&#8243; _module_preset=&#8221;default&#8221; global_colors_info=&#8221;{}&#8221;][\/et_pb_gallery][\/et_pb_column][\/et_pb_row][et_pb_row _builder_version=&#8221;4.20.2&#8243; _module_preset=&#8221;default&#8221; locked=&#8221;off&#8221; global_colors_info=&#8221;{}&#8221;][et_pb_column type=&#8221;4_4&#8243; _builder_version=&#8221;4.20.2&#8243; _module_preset=&#8221;default&#8221; global_colors_info=&#8221;{}&#8221;][et_pb_text _builder_version=&#8221;4.27.4&#8243; _module_preset=&#8221;default&#8221; text_font=&#8221;|600||||||#000000|&#8221; text_font_size=&#8221;42px&#8221; text_letter_spacing=&#8221;1px&#8221; text_line_height=&#8221;1.5em&#8221; header_font=&#8221;|800||on|||||&#8221; header_letter_spacing=&#8221;32px&#8221; header_line_height=&#8221;1.6em&#8221; background_color=&#8221;rgba(244,183,41,0.67)&#8221; min_height=&#8221;100px&#8221; custom_margin=&#8221;||||false|false&#8221; custom_padding=&#8221;||4px|||&#8221; header_text_shadow_style=&#8221;preset1&#8243; header_text_shadow_vertical_length=&#8221;-0.78em&#8221; header_text_shadow_blur_strength=&#8221;0.61em&#8221; border_radii=&#8221;on|10px|10px|10px|10px&#8221; global_module=&#8221;4954&#8243; saved_tabs=&#8221;all&#8221; locked=&#8221;off&#8221; global_colors_info=&#8221;{}&#8221;]<\/p>\n<p>2020 Aktiviteler<\/p>\n<p>[\/et_pb_text][et_pb_gallery gallery_ids=&#8221;4120,4124,4128,4132,4136,4140,4144,4148,4152,4156,4160,4164,4168,4172&#8243; posts_number=&#8221;40&#8243; orientation=&#8221;portrait&#8221; show_title_and_caption=&#8221;off&#8221; _builder_version=&#8221;4.20.2&#8243; _module_preset=&#8221;default&#8221; global_colors_info=&#8221;{}&#8221;][\/et_pb_gallery][\/et_pb_column][\/et_pb_row][et_pb_row column_structure=&#8221;1_4,1_4,1_2&#8243; _builder_version=&#8221;4.16&#8243; _module_preset=&#8221;default&#8221; locked=&#8221;off&#8221; global_colors_info=&#8221;{}&#8221;][et_pb_column type=&#8221;1_4&#8243; _builder_version=&#8221;4.16&#8243; _module_preset=&#8221;default&#8221; global_colors_info=&#8221;{}&#8221;][\/et_pb_column][et_pb_column type=&#8221;1_4&#8243; _builder_version=&#8221;4.16&#8243; _module_preset=&#8221;default&#8221; global_colors_info=&#8221;{}&#8221;][et_pb_image src=&#8221;https:\/\/dersim-fdg.org\/wp-content\/uploads\/2021\/11\/plakat-Jahrestag-Nov-2021.jpg&#8221; title_text=&#8221;plakat Jahrestag Nov 2021&#8243; show_in_lightbox=&#8221;on&#8221; _builder_version=&#8221;4.16&#8243; _module_preset=&#8221;default&#8221; locked=&#8221;off&#8221; global_colors_info=&#8221;{}&#8221;][\/et_pb_image][\/et_pb_column][et_pb_column type=&#8221;1_2&#8243; _builder_version=&#8221;4.16&#8243; _module_preset=&#8221;default&#8221; global_colors_info=&#8221;{}&#8221;][et_pb_text _builder_version=&#8221;4.20.2&#8243; _module_preset=&#8221;03ed4834-a81a-41ec-bfd6-98a6a9949751&#8243; header_font=&#8221;||||||||&#8221; header_3_font=&#8221;DM Sans||||||||&#8221; header_3_text_color=&#8221;#093532&#8243; header_3_font_size=&#8221;36px&#8221; header_3_letter_spacing=&#8221;-0.02em&#8221; header_3_line_height=&#8221;1.2em&#8221; custom_margin=&#8221;||10px||false|false&#8221; header_3_font_size_tablet=&#8221;20px&#8221; header_3_font_size_phone=&#8221;16px&#8221; header_3_font_size_last_edited=&#8221;on|phone&#8221; locked=&#8221;off&#8221; global_colors_info=&#8221;{}&#8221;]<\/p>\n<h3>Gedenkkundgebung zum 84. Jahrestag der Hinrichtung<\/h3>\n<p>[\/et_pb_text][et_pb_text _builder_version=&#8221;4.16&#8243; _module_preset=&#8221;534cc526-6274-4e31-9e1a-7f18a5947bf1&#8243; header_4_font=&#8221;DM Sans|700||on|||||&#8221; header_4_text_color=&#8221;#EF8451&#8243; header_4_font_size=&#8221;14px&#8221; header_4_letter_spacing=&#8221;1px&#8221; header_4_line_height=&#8221;1.5em&#8221; custom_margin=&#8221;||0px||false|false&#8221; header_4_font_size_tablet=&#8221;14px&#8221; header_4_font_size_phone=&#8221;&#8221; header_4_font_size_last_edited=&#8221;on|tablet&#8221; locked=&#8221;off&#8221; global_colors_info=&#8221;{}&#8221;]<\/p>\n<h4>13.11.2021 Oranienplatz, Berlin | 14:00 \u2013 16:00<\/h4>\n<p>[\/et_pb_text][et_pb_text _builder_version=&#8221;4.16&#8243; _module_preset=&#8221;41d5859c-fbaa-458a-88e4-5d886857f235&#8243; text_font=&#8221;Open Sans||||||||&#8221; text_text_color=&#8221;#0F393B&#8221; locked=&#8221;off&#8221; global_colors_info=&#8221;{}&#8221;]<\/p>\n<p>Wir sind hier. An\u0131lar\u0131m\u0131z\u0131 burada, Oranienplatz&#8217;da canl\u0131 tutuyoruz.<br \/>Irk\u00e7\u0131l\u0131\u011fa kar\u015f\u0131 ve tan\u0131nma ve yeniden de\u011ferlendirme i\u00e7in!<\/p>\n<p>[\/et_pb_text][\/et_pb_column][\/et_pb_row][et_pb_row _builder_version=&#8221;4.20.2&#8243; _module_preset=&#8221;default&#8221; locked=&#8221;off&#8221; global_colors_info=&#8221;{}&#8221;][et_pb_column type=&#8221;4_4&#8243; _builder_version=&#8221;4.20.2&#8243; _module_preset=&#8221;default&#8221; global_colors_info=&#8221;{}&#8221;][et_pb_text _builder_version=&#8221;4.27.4&#8243; _module_preset=&#8221;default&#8221; text_font=&#8221;|600||||||#000000|&#8221; text_font_size=&#8221;42px&#8221; text_letter_spacing=&#8221;1px&#8221; text_line_height=&#8221;1.5em&#8221; header_font=&#8221;|800||on|||||&#8221; header_letter_spacing=&#8221;32px&#8221; header_line_height=&#8221;1.6em&#8221; background_color=&#8221;rgba(244,183,41,0.67)&#8221; min_height=&#8221;100px&#8221; custom_margin=&#8221;||||false|false&#8221; custom_padding=&#8221;||4px|||&#8221; header_text_shadow_style=&#8221;preset1&#8243; header_text_shadow_vertical_length=&#8221;-0.78em&#8221; header_text_shadow_blur_strength=&#8221;0.61em&#8221; border_radii=&#8221;on|10px|10px|10px|10px&#8221; global_module=&#8221;4954&#8243; saved_tabs=&#8221;all&#8221; locked=&#8221;off&#8221; global_colors_info=&#8221;{}&#8221;]<\/p>\n<p>2019 Aktiviteler<\/p>\n<p>[\/et_pb_text][et_pb_gallery gallery_ids=&#8221;4176,4180,4184,4188,4192,4196,4200,4204,4208,4212,4216,4220,4224,4228,4232,4236,4240,4248,4252,4256,4260,4264,4268,4272,4276,4280,4284,4288,4292,4304,4308,4312,4316,4320,4324,4328&#8243; posts_number=&#8221;40&#8243; orientation=&#8221;portrait&#8221; show_title_and_caption=&#8221;off&#8221; _builder_version=&#8221;4.20.2&#8243; _module_preset=&#8221;default&#8221; global_colors_info=&#8221;{}&#8221;][\/et_pb_gallery][\/et_pb_column][\/et_pb_row][\/et_pb_section]<\/p>\n","protected":false},"excerpt":{"rendered":"<p>Plakate und Facebookmitteilungen &nbsp; &nbsp; Aktiviteler 2019-20212021 Aktiviteler2020 AktivitelerGedenkkundgebung zum 84. Jahrestag der Hinrichtung13.11.2021 Oranienplatz, Berlin | 14:00 \u2013 16:00Wir sind hier. An\u0131lar\u0131m\u0131z\u0131 burada, Oranienplatz&#8217;da canl\u0131 tutuyoruz.Irk\u00e7\u0131l\u0131\u011fa kar\u015f\u0131 ve tan\u0131nma ve yeniden de\u011ferlendirme i\u00e7in!2019 Aktiviteler<\/p>\n","protected":false},"author":1,"featured_media":0,"parent":0,"menu_order":0,"comment_status":"closed","ping_status":"closed","template":"","meta":{"_et_pb_use_builder":"on","_et_pb_old_content":"","_et_gb_content_width":"","footnotes":""},"class_list":["post-6769","page","type-page","status-publish","hentry"],"_links":{"self":[{"href":"https:\/\/dersim-fdg.org\/tr\/wp-json\/wp\/v2\/pages\/6769","targetHints":{"allow":["GET"]}}],"collection":[{"href":"https:\/\/dersim-fdg.org\/tr\/wp-json\/wp\/v2\/pages"}],"about":[{"href":"https:\/\/dersim-fdg.org\/tr\/wp-json\/wp\/v2\/types\/page"}],"author":[{"embeddable":true,"href":"https:\/\/dersim-fdg.org\/tr\/wp-json\/wp\/v2\/users\/1"}],"replies":[{"embeddable":true,"href":"https:\/\/dersim-fdg.org\/tr\/wp-json\/wp\/v2\/comments?post=6769"}],"version-history":[{"count":0,"href":"https:\/\/dersim-fdg.org\/tr\/wp-json\/wp\/v2\/pages\/6769\/revisions"}],"wp:attachment":[{"href":"https:\/\/dersim-fdg.org\/tr\/wp-json\/wp\/v2\/media?parent=6769"}],"curies":[{"name":"wp","href":"https:\/\/api.w.org\/{rel}","templated":true}]}}